{"id":1136,"date":"2024-04-05T10:29:08","date_gmt":"2024-04-05T08:29:08","guid":{"rendered":"https:\/\/waresito.com\/fr\/?page_id=1136"},"modified":"2026-01-28T15:37:06","modified_gmt":"2026-01-28T14:37:06","slug":"entrepots-stockage-palettes","status":"publish","type":"page","link":"https:\/\/waresito.com\/fr\/entrepots-stockage-palettes\/","title":{"rendered":"Stockez vos palettes partout en France"},"content":{"rendered":"<h1><strong>Waresito, la solution 100% flexible et sur mesure<\/strong> pour optimiser le stockage de vos palettes<\/h1>\n<blockquote><p>Vous avez besoin de <strong>stocker des palettes<\/strong> ? D\u00e9couvrez Waresito, la solution 100% flexible qui vous permet d\u2019adapter vos besoins logistiques en temps r\u00e9el, en fonction des fluctuations de votre activit\u00e9. Ma\u00eetrisez enfin vos co\u00fbts de stockage et de transport, et gagnez en efficacit\u00e9 !Du d\u00e9bord \u00e0 l&rsquo;externalisation compl\u00e8te, Waresito vous propose des <strong>prestations de stockage logistique<\/strong> sur-mesure partout sur le territoire, gr\u00e2ce \u00e0 un r\u00e9seau unique de +1500 logisticiens et transporteurs experts.<\/p><\/blockquote>\n","protected":false},"excerpt":{"rendered":"<p>Waresito, la solution 100% flexible et sur mesure pour optimiser le stockage de vos palettes Vous avez besoin de stocker des palettes ? D\u00e9couvrez Waresito, la solution 100% flexible qui&#8230;<\/p>\n","protected":false},"author":3,"featured_media":1585,"parent":0,"menu_order":0,"comment_status":"closed","ping_status":"closed","template":"","meta":{"_acf_changed":false,"content-type":"","inline_featured_image":false,"footnotes":""},"tags":[],"class_list":["post-1136","page","type-page","status-publish","has-post-thumbnail","hentry"],"acf":[],"yoast_head":"<!-- This site is optimized with the Yoast SEO plugin v27.0 - https:\/\/yoast.com\/product\/yoast-seo-wordpress\/ -->\n<title>Stockage palettes partout en France l Waresito<\/title>\n<meta name=\"description\" content=\"Acc\u00e9dez \u00e0 des services logistiques r\u00e9pondant \u00e0 vos besoins o\u00f9 que vous soyez. Stockage palettes 100% flexible, sur-mesure &amp; sans engagement.\" \/>\n<meta name=\"robots\" content=\"index, follow, max-snippet:-1, max-image-preview:large, max-video-preview:-1\" \/>\n<link rel=\"canonical\" href=\"https:\/\/waresito.com\/fr\/entrepots-stockage-palettes\/\" \/>\n<meta property=\"og:locale\" content=\"fr_FR\" \/>\n<meta property=\"og:type\" content=\"article\" \/>\n<meta property=\"og:title\" content=\"Stockage palettes partout en France l Waresito\" \/>\n<meta property=\"og:description\" content=\"Acc\u00e9dez \u00e0 des services logistiques r\u00e9pondant \u00e0 vos besoins o\u00f9 que vous soyez. Stockage palettes 100% flexible, sur-mesure &amp; sans engagement.\" \/>\n<meta property=\"og:url\" content=\"https:\/\/waresito.com\/fr\/entrepots-stockage-palettes\/\" \/>\n<meta property=\"og:site_name\" content=\"Waresito FR\" \/>\n<meta property=\"article:modified_time\" content=\"2026-01-28T14:37:06+00:00\" \/>\n<meta property=\"og:image\" content=\"https:\/\/waresito.com\/fr\/wp-content\/uploads\/sites\/2\/2024\/04\/Head-Banner-7-e1712758422135.jpg\" \/>\n\t<meta property=\"og:image:width\" content=\"1529\" \/>\n\t<meta property=\"og:image:height\" content=\"1080\" \/>\n\t<meta property=\"og:image:type\" content=\"image\/jpeg\" \/>\n<meta name=\"twitter:card\" content=\"summary_large_image\" \/>\n<meta name=\"twitter:label1\" content=\"Dur\u00e9e de lecture estim\u00e9e\" \/>\n\t<meta name=\"twitter:data1\" content=\"1 minute\" \/>\n<script type=\"application\/ld+json\" class=\"yoast-schema-graph\">{\"@context\":\"https:\/\/schema.org\",\"@graph\":[{\"@type\":\"WebPage\",\"@id\":\"https:\/\/waresito.com\/fr\/entrepots-stockage-palettes\/\",\"url\":\"https:\/\/waresito.com\/fr\/entrepots-stockage-palettes\/\",\"name\":\"Stockage palettes partout en France l Waresito\",\"isPartOf\":{\"@id\":\"https:\/\/waresito.com\/fr\/#website\"},\"primaryImageOfPage\":{\"@id\":\"https:\/\/waresito.com\/fr\/entrepots-stockage-palettes\/#primaryimage\"},\"image\":{\"@id\":\"https:\/\/waresito.com\/fr\/entrepots-stockage-palettes\/#primaryimage\"},\"thumbnailUrl\":\"https:\/\/waresito.com\/fr\/wp-content\/uploads\/sites\/2\/2024\/04\/Head-Banner-7-e1712758422135.jpg\",\"datePublished\":\"2024-04-05T08:29:08+00:00\",\"dateModified\":\"2026-01-28T14:37:06+00:00\",\"description\":\"Acc\u00e9dez \u00e0 des services logistiques r\u00e9pondant \u00e0 vos besoins o\u00f9 que vous soyez. Stockage palettes 100% flexible, sur-mesure & sans engagement.\",\"breadcrumb\":{\"@id\":\"https:\/\/waresito.com\/fr\/entrepots-stockage-palettes\/#breadcrumb\"},\"inLanguage\":\"fr-FR\",\"potentialAction\":[{\"@type\":\"ReadAction\",\"target\":[\"https:\/\/waresito.com\/fr\/entrepots-stockage-palettes\/\"]}]},{\"@type\":\"ImageObject\",\"inLanguage\":\"fr-FR\",\"@id\":\"https:\/\/waresito.com\/fr\/entrepots-stockage-palettes\/#primaryimage\",\"url\":\"https:\/\/waresito.com\/fr\/wp-content\/uploads\/sites\/2\/2024\/04\/Head-Banner-7-e1712758422135.jpg\",\"contentUrl\":\"https:\/\/waresito.com\/fr\/wp-content\/uploads\/sites\/2\/2024\/04\/Head-Banner-7-e1712758422135.jpg\",\"width\":1529,\"height\":1080,\"caption\":\"racks pour stockage de palettes\"},{\"@type\":\"BreadcrumbList\",\"@id\":\"https:\/\/waresito.com\/fr\/entrepots-stockage-palettes\/#breadcrumb\",\"itemListElement\":[{\"@type\":\"ListItem\",\"position\":1,\"name\":\"Accueil\",\"item\":\"https:\/\/waresito.com\/fr\/\"},{\"@type\":\"ListItem\",\"position\":2,\"name\":\"Stockez vos palettes partout en France\"}]},{\"@type\":\"WebSite\",\"@id\":\"https:\/\/waresito.com\/fr\/#website\",\"url\":\"https:\/\/waresito.com\/fr\/\",\"name\":\"Waresito\",\"description\":\"\",\"potentialAction\":[{\"@type\":\"SearchAction\",\"target\":{\"@type\":\"EntryPoint\",\"urlTemplate\":\"https:\/\/waresito.com\/fr\/?s={search_term_string}\"},\"query-input\":{\"@type\":\"PropertyValueSpecification\",\"valueRequired\":true,\"valueName\":\"search_term_string\"}}],\"inLanguage\":\"fr-FR\"}]}<\/script>\n<!-- \/ Yoast SEO plugin. -->","yoast_head_json":{"title":"Stockage palettes partout en France l Waresito","description":"Acc\u00e9dez \u00e0 des services logistiques r\u00e9pondant \u00e0 vos besoins o\u00f9 que vous soyez. Stockage palettes 100% flexible, sur-mesure & sans engagement.","robots":{"index":"index","follow":"follow","max-snippet":"max-snippet:-1","max-image-preview":"max-image-preview:large","max-video-preview":"max-video-preview:-1"},"canonical":"https:\/\/waresito.com\/fr\/entrepots-stockage-palettes\/","og_locale":"fr_FR","og_type":"article","og_title":"Stockage palettes partout en France l Waresito","og_description":"Acc\u00e9dez \u00e0 des services logistiques r\u00e9pondant \u00e0 vos besoins o\u00f9 que vous soyez. Stockage palettes 100% flexible, sur-mesure & sans engagement.","og_url":"https:\/\/waresito.com\/fr\/entrepots-stockage-palettes\/","og_site_name":"Waresito FR","article_modified_time":"2026-01-28T14:37:06+00:00","og_image":[{"width":1529,"height":1080,"url":"https:\/\/waresito.com\/fr\/wp-content\/uploads\/sites\/2\/2024\/04\/Head-Banner-7-e1712758422135.jpg","type":"image\/jpeg"}],"twitter_card":"summary_large_image","twitter_misc":{"Dur\u00e9e de lecture estim\u00e9e":"1 minute"},"schema":{"@context":"https:\/\/schema.org","@graph":[{"@type":"WebPage","@id":"https:\/\/waresito.com\/fr\/entrepots-stockage-palettes\/","url":"https:\/\/waresito.com\/fr\/entrepots-stockage-palettes\/","name":"Stockage palettes partout en France l Waresito","isPartOf":{"@id":"https:\/\/waresito.com\/fr\/#website"},"primaryImageOfPage":{"@id":"https:\/\/waresito.com\/fr\/entrepots-stockage-palettes\/#primaryimage"},"image":{"@id":"https:\/\/waresito.com\/fr\/entrepots-stockage-palettes\/#primaryimage"},"thumbnailUrl":"https:\/\/waresito.com\/fr\/wp-content\/uploads\/sites\/2\/2024\/04\/Head-Banner-7-e1712758422135.jpg","datePublished":"2024-04-05T08:29:08+00:00","dateModified":"2026-01-28T14:37:06+00:00","description":"Acc\u00e9dez \u00e0 des services logistiques r\u00e9pondant \u00e0 vos besoins o\u00f9 que vous soyez. Stockage palettes 100% flexible, sur-mesure & sans engagement.","breadcrumb":{"@id":"https:\/\/waresito.com\/fr\/entrepots-stockage-palettes\/#breadcrumb"},"inLanguage":"fr-FR","potentialAction":[{"@type":"ReadAction","target":["https:\/\/waresito.com\/fr\/entrepots-stockage-palettes\/"]}]},{"@type":"ImageObject","inLanguage":"fr-FR","@id":"https:\/\/waresito.com\/fr\/entrepots-stockage-palettes\/#primaryimage","url":"https:\/\/waresito.com\/fr\/wp-content\/uploads\/sites\/2\/2024\/04\/Head-Banner-7-e1712758422135.jpg","contentUrl":"https:\/\/waresito.com\/fr\/wp-content\/uploads\/sites\/2\/2024\/04\/Head-Banner-7-e1712758422135.jpg","width":1529,"height":1080,"caption":"racks pour stockage de palettes"},{"@type":"BreadcrumbList","@id":"https:\/\/waresito.com\/fr\/entrepots-stockage-palettes\/#breadcrumb","itemListElement":[{"@type":"ListItem","position":1,"name":"Accueil","item":"https:\/\/waresito.com\/fr\/"},{"@type":"ListItem","position":2,"name":"Stockez vos palettes partout en France"}]},{"@type":"WebSite","@id":"https:\/\/waresito.com\/fr\/#website","url":"https:\/\/waresito.com\/fr\/","name":"Waresito","description":"","potentialAction":[{"@type":"SearchAction","target":{"@type":"EntryPoint","urlTemplate":"https:\/\/waresito.com\/fr\/?s={search_term_string}"},"query-input":{"@type":"PropertyValueSpecification","valueRequired":true,"valueName":"search_term_string"}}],"inLanguage":"fr-FR"}]}},"_links":{"self":[{"href":"https:\/\/waresito.com\/fr\/wp-json\/wp\/v2\/pages\/1136","targetHints":{"allow":["GET"]}}],"collection":[{"href":"https:\/\/waresito.com\/fr\/wp-json\/wp\/v2\/pages"}],"about":[{"href":"https:\/\/waresito.com\/fr\/wp-json\/wp\/v2\/types\/page"}],"author":[{"embeddable":true,"href":"https:\/\/waresito.com\/fr\/wp-json\/wp\/v2\/users\/3"}],"replies":[{"embeddable":true,"href":"https:\/\/waresito.com\/fr\/wp-json\/wp\/v2\/comments?post=1136"}],"version-history":[{"count":46,"href":"https:\/\/waresito.com\/fr\/wp-json\/wp\/v2\/pages\/1136\/revisions"}],"predecessor-version":[{"id":5607,"href":"https:\/\/waresito.com\/fr\/wp-json\/wp\/v2\/pages\/1136\/revisions\/5607"}],"wp:featuredmedia":[{"embeddable":true,"href":"https:\/\/waresito.com\/fr\/wp-json\/wp\/v2\/media\/1585"}],"wp:attachment":[{"href":"https:\/\/waresito.com\/fr\/wp-json\/wp\/v2\/media?parent=1136"}],"wp:term":[{"taxonomy":"post_tag","embeddable":true,"href":"https:\/\/waresito.com\/fr\/wp-json\/wp\/v2\/tags?post=1136"}],"curies":[{"name":"wp","href":"https:\/\/api.w.org\/{rel}","templated":true}]}}