{"id":2,"date":"2024-03-04T09:14:24","date_gmt":"2024-03-04T08:14:24","guid":{"rendered":"https:\/\/waresito.com\/fr\/?page_id=2"},"modified":"2025-01-29T17:40:24","modified_gmt":"2025-01-29T16:40:24","slug":"accueil","status":"publish","type":"page","link":"https:\/\/waresito.com\/fr\/","title":{"rendered":"Accueil"},"content":{"rendered":"\r\n<h1><strong>Simplifiez votre <br \/>logistique &amp; transport <br \/><\/strong>pour plus de performance<\/h1>\r\n<blockquote>\r\n<div class=\"gmail_default\">B\u00e9n\u00e9ficiez de <span style=\"text-decoration: underline;\"><a href=\"https:\/\/waresito.com\/fr\/solutions\/stockage-debord-logistique\/\">solutions de stockage logistique<\/a><\/span> partout en France ainsi que des services d&rsquo;<span style=\"text-decoration: underline;\"><a href=\"https:\/\/waresito.com\/fr\/solutions\/externalisation-logistique\/\">externalisation<\/a><\/span>, de <span style=\"text-decoration: underline;\"><a href=\"https:\/\/waresito.com\/fr\/solutions\/distribution-logistique-transport\/\">distribution<\/a><\/span> et de <span style=\"text-decoration: underline;\"><a href=\"https:\/\/waresito.com\/fr\/solutions\/transport-palettes-marchandises\/\">transport<\/a><\/span>, r\u00e9pondant parfaitement \u00e0 votre cahier des charges.<\/div>\r\n<div>\u00a0<\/div>\r\n<div class=\"gmail_default\">Acc\u00e9dez \u00e0 un <strong>service logistique 100% flexible<\/strong>, sans engagement, coupl\u00e9 \u00e0 une technologie de pointe pour garder le contr\u00f4le sur vos op\u00e9rations.\u00a0<\/div>\r\n<\/blockquote>\r\n","protected":false},"excerpt":{"rendered":"<p>Simplifiez votre logistique &amp; transport pour plus de performance B\u00e9n\u00e9ficiez de solutions de stockage logistique partout en France ainsi que des services d&rsquo;externalisation, de distribution et de transport, r\u00e9pondant parfaitement&#8230;<\/p>\n","protected":false},"author":1,"featured_media":1632,"parent":0,"menu_order":0,"comment_status":"closed","ping_status":"open","template":"","meta":{"_acf_changed":false,"content-type":"","inline_featured_image":false,"footnotes":""},"tags":[],"class_list":["post-2","page","type-page","status-publish","has-post-thumbnail","hentry"],"acf":[],"yoast_head":"<!-- This site is optimized with the Yoast SEO plugin v27.0 - https:\/\/yoast.com\/product\/yoast-seo-wordpress\/ -->\n<title>Waresito, prestataire logistique &amp; transport en France<\/title>\n<meta name=\"description\" content=\"N\u00b01 des solutions logistiques et transport sur mesure et 100% flexibles, avec +1500 experts logisticiens et transporteurs partout en France.\" \/>\n<meta name=\"robots\" content=\"index, follow, max-snippet:-1, max-image-preview:large, max-video-preview:-1\" \/>\n<link rel=\"canonical\" href=\"https:\/\/waresito.com\/fr\/\" \/>\n<meta property=\"og:locale\" content=\"fr_FR\" \/>\n<meta property=\"og:type\" content=\"article\" \/>\n<meta property=\"og:title\" content=\"Waresito, prestataire logistique &amp; transport en France\" \/>\n<meta property=\"og:description\" content=\"N\u00b01 des solutions logistiques et transport sur mesure et 100% flexibles, avec +1500 experts logisticiens et transporteurs partout en France.\" \/>\n<meta property=\"og:url\" content=\"https:\/\/waresito.com\/fr\/\" \/>\n<meta property=\"og:site_name\" content=\"Waresito FR\" \/>\n<meta property=\"article:modified_time\" content=\"2025-01-29T16:40:24+00:00\" \/>\n<meta property=\"og:image\" content=\"https:\/\/waresito.com\/fr\/wp-content\/uploads\/sites\/2\/2024\/04\/home.jpg\" \/>\n\t<meta property=\"og:image:width\" content=\"1800\" \/>\n\t<meta property=\"og:image:height\" content=\"1013\" \/>\n\t<meta property=\"og:image:type\" content=\"image\/jpeg\" \/>\n<meta name=\"twitter:card\" content=\"summary_large_image\" \/>\n<meta name=\"twitter:label1\" content=\"Dur\u00e9e de lecture estim\u00e9e\" \/>\n\t<meta name=\"twitter:data1\" content=\"1 minute\" \/>\n<script type=\"application\/ld+json\" class=\"yoast-schema-graph\">{\"@context\":\"https:\/\/schema.org\",\"@graph\":[{\"@type\":\"WebPage\",\"@id\":\"https:\/\/waresito.com\/fr\/\",\"url\":\"https:\/\/waresito.com\/fr\/\",\"name\":\"Waresito, prestataire logistique & transport en France\",\"isPartOf\":{\"@id\":\"https:\/\/waresito.com\/fr\/#website\"},\"primaryImageOfPage\":{\"@id\":\"https:\/\/waresito.com\/fr\/#primaryimage\"},\"image\":{\"@id\":\"https:\/\/waresito.com\/fr\/#primaryimage\"},\"thumbnailUrl\":\"https:\/\/waresito.com\/fr\/wp-content\/uploads\/sites\/2\/2024\/04\/home.jpg\",\"datePublished\":\"2024-03-04T08:14:24+00:00\",\"dateModified\":\"2025-01-29T16:40:24+00:00\",\"description\":\"N\u00b01 des solutions logistiques et transport sur mesure et 100% flexibles, avec +1500 experts logisticiens et transporteurs partout en France.\",\"breadcrumb\":{\"@id\":\"https:\/\/waresito.com\/fr\/#breadcrumb\"},\"inLanguage\":\"fr-FR\",\"potentialAction\":[{\"@type\":\"ReadAction\",\"target\":[\"https:\/\/waresito.com\/fr\/\"]}]},{\"@type\":\"ImageObject\",\"inLanguage\":\"fr-FR\",\"@id\":\"https:\/\/waresito.com\/fr\/#primaryimage\",\"url\":\"https:\/\/waresito.com\/fr\/wp-content\/uploads\/sites\/2\/2024\/04\/home.jpg\",\"contentUrl\":\"https:\/\/waresito.com\/fr\/wp-content\/uploads\/sites\/2\/2024\/04\/home.jpg\",\"width\":1800,\"height\":1013,\"caption\":\"Deux logisticiens dans un entrep\u00f4ts\"},{\"@type\":\"BreadcrumbList\",\"@id\":\"https:\/\/waresito.com\/fr\/#breadcrumb\",\"itemListElement\":[{\"@type\":\"ListItem\",\"position\":1,\"name\":\"Accueil\",\"item\":\"https:\/\/waresito.com\/fr\/\"},{\"@type\":\"ListItem\",\"position\":2,\"name\":\"Accueil\"}]},{\"@type\":\"WebSite\",\"@id\":\"https:\/\/waresito.com\/fr\/#website\",\"url\":\"https:\/\/waresito.com\/fr\/\",\"name\":\"Waresito\",\"description\":\"\",\"potentialAction\":[{\"@type\":\"SearchAction\",\"target\":{\"@type\":\"EntryPoint\",\"urlTemplate\":\"https:\/\/waresito.com\/fr\/?s={search_term_string}\"},\"query-input\":{\"@type\":\"PropertyValueSpecification\",\"valueRequired\":true,\"valueName\":\"search_term_string\"}}],\"inLanguage\":\"fr-FR\"}]}<\/script>\n<!-- \/ Yoast SEO plugin. -->","yoast_head_json":{"title":"Waresito, prestataire logistique & transport en France","description":"N\u00b01 des solutions logistiques et transport sur mesure et 100% flexibles, avec +1500 experts logisticiens et transporteurs partout en France.","robots":{"index":"index","follow":"follow","max-snippet":"max-snippet:-1","max-image-preview":"max-image-preview:large","max-video-preview":"max-video-preview:-1"},"canonical":"https:\/\/waresito.com\/fr\/","og_locale":"fr_FR","og_type":"article","og_title":"Waresito, prestataire logistique & transport en France","og_description":"N\u00b01 des solutions logistiques et transport sur mesure et 100% flexibles, avec +1500 experts logisticiens et transporteurs partout en France.","og_url":"https:\/\/waresito.com\/fr\/","og_site_name":"Waresito FR","article_modified_time":"2025-01-29T16:40:24+00:00","og_image":[{"width":1800,"height":1013,"url":"https:\/\/waresito.com\/fr\/wp-content\/uploads\/sites\/2\/2024\/04\/home.jpg","type":"image\/jpeg"}],"twitter_card":"summary_large_image","twitter_misc":{"Dur\u00e9e de lecture estim\u00e9e":"1 minute"},"schema":{"@context":"https:\/\/schema.org","@graph":[{"@type":"WebPage","@id":"https:\/\/waresito.com\/fr\/","url":"https:\/\/waresito.com\/fr\/","name":"Waresito, prestataire logistique & transport en France","isPartOf":{"@id":"https:\/\/waresito.com\/fr\/#website"},"primaryImageOfPage":{"@id":"https:\/\/waresito.com\/fr\/#primaryimage"},"image":{"@id":"https:\/\/waresito.com\/fr\/#primaryimage"},"thumbnailUrl":"https:\/\/waresito.com\/fr\/wp-content\/uploads\/sites\/2\/2024\/04\/home.jpg","datePublished":"2024-03-04T08:14:24+00:00","dateModified":"2025-01-29T16:40:24+00:00","description":"N\u00b01 des solutions logistiques et transport sur mesure et 100% flexibles, avec +1500 experts logisticiens et transporteurs partout en France.","breadcrumb":{"@id":"https:\/\/waresito.com\/fr\/#breadcrumb"},"inLanguage":"fr-FR","potentialAction":[{"@type":"ReadAction","target":["https:\/\/waresito.com\/fr\/"]}]},{"@type":"ImageObject","inLanguage":"fr-FR","@id":"https:\/\/waresito.com\/fr\/#primaryimage","url":"https:\/\/waresito.com\/fr\/wp-content\/uploads\/sites\/2\/2024\/04\/home.jpg","contentUrl":"https:\/\/waresito.com\/fr\/wp-content\/uploads\/sites\/2\/2024\/04\/home.jpg","width":1800,"height":1013,"caption":"Deux logisticiens dans un entrep\u00f4ts"},{"@type":"BreadcrumbList","@id":"https:\/\/waresito.com\/fr\/#breadcrumb","itemListElement":[{"@type":"ListItem","position":1,"name":"Accueil","item":"https:\/\/waresito.com\/fr\/"},{"@type":"ListItem","position":2,"name":"Accueil"}]},{"@type":"WebSite","@id":"https:\/\/waresito.com\/fr\/#website","url":"https:\/\/waresito.com\/fr\/","name":"Waresito","description":"","potentialAction":[{"@type":"SearchAction","target":{"@type":"EntryPoint","urlTemplate":"https:\/\/waresito.com\/fr\/?s={search_term_string}"},"query-input":{"@type":"PropertyValueSpecification","valueRequired":true,"valueName":"search_term_string"}}],"inLanguage":"fr-FR"}]}},"_links":{"self":[{"href":"https:\/\/waresito.com\/fr\/wp-json\/wp\/v2\/pages\/2","targetHints":{"allow":["GET"]}}],"collection":[{"href":"https:\/\/waresito.com\/fr\/wp-json\/wp\/v2\/pages"}],"about":[{"href":"https:\/\/waresito.com\/fr\/wp-json\/wp\/v2\/types\/page"}],"author":[{"embeddable":true,"href":"https:\/\/waresito.com\/fr\/wp-json\/wp\/v2\/users\/1"}],"replies":[{"embeddable":true,"href":"https:\/\/waresito.com\/fr\/wp-json\/wp\/v2\/comments?post=2"}],"version-history":[{"count":115,"href":"https:\/\/waresito.com\/fr\/wp-json\/wp\/v2\/pages\/2\/revisions"}],"predecessor-version":[{"id":3881,"href":"https:\/\/waresito.com\/fr\/wp-json\/wp\/v2\/pages\/2\/revisions\/3881"}],"wp:featuredmedia":[{"embeddable":true,"href":"https:\/\/waresito.com\/fr\/wp-json\/wp\/v2\/media\/1632"}],"wp:attachment":[{"href":"https:\/\/waresito.com\/fr\/wp-json\/wp\/v2\/media?parent=2"}],"wp:term":[{"taxonomy":"post_tag","embeddable":true,"href":"https:\/\/waresito.com\/fr\/wp-json\/wp\/v2\/tags?post=2"}],"curies":[{"name":"wp","href":"https:\/\/api.w.org\/{rel}","templated":true}]}}