{"id":2050,"date":"2024-06-06T11:13:15","date_gmt":"2024-06-06T09:13:15","guid":{"rendered":"https:\/\/waresito.com\/fr\/?page_id=2050"},"modified":"2026-03-04T18:26:26","modified_gmt":"2026-03-04T17:26:26","slug":"service-logistique-bordeaux-gironde","status":"publish","type":"page","link":"https:\/\/waresito.com\/fr\/reseau\/service-logistique-bordeaux-gironde\/","title":{"rendered":"Services logistiques \u00e0 Bordeaux, Gironde (33)"},"content":{"rendered":"<h1><strong>Services logistiques \u00e0 Bordeaux, Gironde (33)<br \/>\net en Nouvelle Aquitaine<\/strong><\/h1>\n<p data-fusion-font=\"true\" data-fusion-google-font=\"Open Sans\" data-fusion-google-variant=\"400\"><strong>Des solutions de stockage, logistique et transport sur-mesure pour tous vos besoins \u00e0 Bordeaux et en Nouvelle Aquitaine. Un service 100% flexible et sans engagement de dur\u00e9e ou de volume, \u00e0 des tarifs n\u00e9goci\u00e9s.<\/strong><\/p>\n<p data-fusion-font=\"true\" data-fusion-google-font=\"Open Sans\" data-fusion-google-variant=\"400\"><span style=\"font-weight: 400\">Waresito r\u00e9pond \u00e0 la fois \u00e0 vos besoins logistiques structurels avec une offre fulfillment<em>,<\/em>\u00a0mais \u00e9galement ponctuels pour des urgences, des pics de saisonnalit\u00e9s, etc.<\/span><\/p>\n<ul>\n<li>Des <span style=\"text-decoration: underline;color: #ffffff\"><a style=\"color: #ffffff;text-decoration: underline\" href=\"https:\/\/waresito.com\/fr\/reseau\/entrepot-logistique-bordeaux-gironde\/\">entrep\u00f4ts logistiques \u00e0 Bordeaux<\/a><\/span> &amp; partout en Nouvelle-Aquitaine<\/li>\n<li>De 100 \u00e0 20 000 palettes<\/li>\n<li>Navette, affr\u00e8tement, messagerie<\/li>\n<\/ul>\n","protected":false},"excerpt":{"rendered":"<p>Services logistiques \u00e0 Bordeaux, Gironde (33) et en Nouvelle Aquitaine Des solutions de stockage, logistique et transport sur-mesure pour tous vos besoins \u00e0 Bordeaux et en Nouvelle Aquitaine. Un service&#8230;<\/p>\n","protected":false},"author":4,"featured_media":1585,"parent":2048,"menu_order":0,"comment_status":"closed","ping_status":"closed","template":"","meta":{"_acf_changed":false,"content-type":"","inline_featured_image":false,"footnotes":""},"tags":[],"class_list":["post-2050","page","type-page","status-publish","has-post-thumbnail","hentry"],"acf":[],"yoast_head":"<!-- This site is optimized with the Yoast SEO plugin v27.0 - https:\/\/yoast.com\/product\/yoast-seo-wordpress\/ -->\n<title>Services logistiques Bordeaux (33) &amp; Nouvelle Aquitaine l Waresito<\/title>\n<meta name=\"description\" content=\"Faites confiance \u00e0 Waresito, votre partenaire en services logistiques \u00e0 Bordeaux &amp; Nouvelle Aquitaine. 100% flexibles, sur-mesure !\" \/>\n<meta name=\"robots\" content=\"index, follow, max-snippet:-1, max-image-preview:large, max-video-preview:-1\" \/>\n<link rel=\"canonical\" href=\"https:\/\/waresito.com\/fr\/reseau\/service-logistique-bordeaux-gironde\/\" \/>\n<meta property=\"og:locale\" content=\"fr_FR\" \/>\n<meta property=\"og:type\" content=\"article\" \/>\n<meta property=\"og:title\" content=\"Services logistiques Bordeaux (33) &amp; Nouvelle Aquitaine l Waresito\" \/>\n<meta property=\"og:description\" content=\"Faites confiance \u00e0 Waresito, votre partenaire en services logistiques \u00e0 Bordeaux &amp; Nouvelle Aquitaine. 100% flexibles, sur-mesure !\" \/>\n<meta property=\"og:url\" content=\"https:\/\/waresito.com\/fr\/reseau\/service-logistique-bordeaux-gironde\/\" \/>\n<meta property=\"og:site_name\" content=\"Waresito FR\" \/>\n<meta property=\"article:modified_time\" content=\"2026-03-04T17:26:26+00:00\" \/>\n<meta property=\"og:image\" content=\"https:\/\/waresito.com\/fr\/wp-content\/uploads\/sites\/2\/2024\/04\/Head-Banner-7-e1712758422135.jpg\" \/>\n\t<meta property=\"og:image:width\" content=\"1529\" \/>\n\t<meta property=\"og:image:height\" content=\"1080\" \/>\n\t<meta property=\"og:image:type\" content=\"image\/jpeg\" \/>\n<meta name=\"twitter:card\" content=\"summary_large_image\" \/>\n<meta name=\"twitter:label1\" content=\"Dur\u00e9e de lecture estim\u00e9e\" \/>\n\t<meta name=\"twitter:data1\" content=\"1 minute\" \/>\n<script type=\"application\/ld+json\" class=\"yoast-schema-graph\">{\"@context\":\"https:\/\/schema.org\",\"@graph\":[{\"@type\":\"WebPage\",\"@id\":\"https:\/\/waresito.com\/fr\/reseau\/service-logistique-bordeaux-gironde\/\",\"url\":\"https:\/\/waresito.com\/fr\/reseau\/service-logistique-bordeaux-gironde\/\",\"name\":\"Services logistiques Bordeaux (33) & Nouvelle Aquitaine l Waresito\",\"isPartOf\":{\"@id\":\"https:\/\/waresito.com\/fr\/#website\"},\"primaryImageOfPage\":{\"@id\":\"https:\/\/waresito.com\/fr\/reseau\/service-logistique-bordeaux-gironde\/#primaryimage\"},\"image\":{\"@id\":\"https:\/\/waresito.com\/fr\/reseau\/service-logistique-bordeaux-gironde\/#primaryimage\"},\"thumbnailUrl\":\"https:\/\/waresito.com\/fr\/wp-content\/uploads\/sites\/2\/2024\/04\/Head-Banner-7-e1712758422135.jpg\",\"datePublished\":\"2024-06-06T09:13:15+00:00\",\"dateModified\":\"2026-03-04T17:26:26+00:00\",\"description\":\"Faites confiance \u00e0 Waresito, votre partenaire en services logistiques \u00e0 Bordeaux & Nouvelle Aquitaine. 100% flexibles, sur-mesure !\",\"breadcrumb\":{\"@id\":\"https:\/\/waresito.com\/fr\/reseau\/service-logistique-bordeaux-gironde\/#breadcrumb\"},\"inLanguage\":\"fr-FR\",\"potentialAction\":[{\"@type\":\"ReadAction\",\"target\":[\"https:\/\/waresito.com\/fr\/reseau\/service-logistique-bordeaux-gironde\/\"]}]},{\"@type\":\"ImageObject\",\"inLanguage\":\"fr-FR\",\"@id\":\"https:\/\/waresito.com\/fr\/reseau\/service-logistique-bordeaux-gironde\/#primaryimage\",\"url\":\"https:\/\/waresito.com\/fr\/wp-content\/uploads\/sites\/2\/2024\/04\/Head-Banner-7-e1712758422135.jpg\",\"contentUrl\":\"https:\/\/waresito.com\/fr\/wp-content\/uploads\/sites\/2\/2024\/04\/Head-Banner-7-e1712758422135.jpg\",\"width\":1529,\"height\":1080,\"caption\":\"racks pour stockage de palettes\"},{\"@type\":\"BreadcrumbList\",\"@id\":\"https:\/\/waresito.com\/fr\/reseau\/service-logistique-bordeaux-gironde\/#breadcrumb\",\"itemListElement\":[{\"@type\":\"ListItem\",\"position\":1,\"name\":\"Accueil\",\"item\":\"https:\/\/waresito.com\/fr\/\"},{\"@type\":\"ListItem\",\"position\":2,\"name\":\"Notre r\u00e9seau\",\"item\":\"https:\/\/waresito.com\/fr\/reseau\/\"},{\"@type\":\"ListItem\",\"position\":3,\"name\":\"Services logistiques \u00e0 Bordeaux, Gironde (33)\"}]},{\"@type\":\"WebSite\",\"@id\":\"https:\/\/waresito.com\/fr\/#website\",\"url\":\"https:\/\/waresito.com\/fr\/\",\"name\":\"Waresito\",\"description\":\"\",\"potentialAction\":[{\"@type\":\"SearchAction\",\"target\":{\"@type\":\"EntryPoint\",\"urlTemplate\":\"https:\/\/waresito.com\/fr\/?s={search_term_string}\"},\"query-input\":{\"@type\":\"PropertyValueSpecification\",\"valueRequired\":true,\"valueName\":\"search_term_string\"}}],\"inLanguage\":\"fr-FR\"}]}<\/script>\n<!-- \/ Yoast SEO plugin. -->","yoast_head_json":{"title":"Services logistiques Bordeaux (33) & Nouvelle Aquitaine l Waresito","description":"Faites confiance \u00e0 Waresito, votre partenaire en services logistiques \u00e0 Bordeaux & Nouvelle Aquitaine. 100% flexibles, sur-mesure !","robots":{"index":"index","follow":"follow","max-snippet":"max-snippet:-1","max-image-preview":"max-image-preview:large","max-video-preview":"max-video-preview:-1"},"canonical":"https:\/\/waresito.com\/fr\/reseau\/service-logistique-bordeaux-gironde\/","og_locale":"fr_FR","og_type":"article","og_title":"Services logistiques Bordeaux (33) & Nouvelle Aquitaine l Waresito","og_description":"Faites confiance \u00e0 Waresito, votre partenaire en services logistiques \u00e0 Bordeaux & Nouvelle Aquitaine. 100% flexibles, sur-mesure !","og_url":"https:\/\/waresito.com\/fr\/reseau\/service-logistique-bordeaux-gironde\/","og_site_name":"Waresito FR","article_modified_time":"2026-03-04T17:26:26+00:00","og_image":[{"width":1529,"height":1080,"url":"https:\/\/waresito.com\/fr\/wp-content\/uploads\/sites\/2\/2024\/04\/Head-Banner-7-e1712758422135.jpg","type":"image\/jpeg"}],"twitter_card":"summary_large_image","twitter_misc":{"Dur\u00e9e de lecture estim\u00e9e":"1 minute"},"schema":{"@context":"https:\/\/schema.org","@graph":[{"@type":"WebPage","@id":"https:\/\/waresito.com\/fr\/reseau\/service-logistique-bordeaux-gironde\/","url":"https:\/\/waresito.com\/fr\/reseau\/service-logistique-bordeaux-gironde\/","name":"Services logistiques Bordeaux (33) & Nouvelle Aquitaine l Waresito","isPartOf":{"@id":"https:\/\/waresito.com\/fr\/#website"},"primaryImageOfPage":{"@id":"https:\/\/waresito.com\/fr\/reseau\/service-logistique-bordeaux-gironde\/#primaryimage"},"image":{"@id":"https:\/\/waresito.com\/fr\/reseau\/service-logistique-bordeaux-gironde\/#primaryimage"},"thumbnailUrl":"https:\/\/waresito.com\/fr\/wp-content\/uploads\/sites\/2\/2024\/04\/Head-Banner-7-e1712758422135.jpg","datePublished":"2024-06-06T09:13:15+00:00","dateModified":"2026-03-04T17:26:26+00:00","description":"Faites confiance \u00e0 Waresito, votre partenaire en services logistiques \u00e0 Bordeaux & Nouvelle Aquitaine. 100% flexibles, sur-mesure !","breadcrumb":{"@id":"https:\/\/waresito.com\/fr\/reseau\/service-logistique-bordeaux-gironde\/#breadcrumb"},"inLanguage":"fr-FR","potentialAction":[{"@type":"ReadAction","target":["https:\/\/waresito.com\/fr\/reseau\/service-logistique-bordeaux-gironde\/"]}]},{"@type":"ImageObject","inLanguage":"fr-FR","@id":"https:\/\/waresito.com\/fr\/reseau\/service-logistique-bordeaux-gironde\/#primaryimage","url":"https:\/\/waresito.com\/fr\/wp-content\/uploads\/sites\/2\/2024\/04\/Head-Banner-7-e1712758422135.jpg","contentUrl":"https:\/\/waresito.com\/fr\/wp-content\/uploads\/sites\/2\/2024\/04\/Head-Banner-7-e1712758422135.jpg","width":1529,"height":1080,"caption":"racks pour stockage de palettes"},{"@type":"BreadcrumbList","@id":"https:\/\/waresito.com\/fr\/reseau\/service-logistique-bordeaux-gironde\/#breadcrumb","itemListElement":[{"@type":"ListItem","position":1,"name":"Accueil","item":"https:\/\/waresito.com\/fr\/"},{"@type":"ListItem","position":2,"name":"Notre r\u00e9seau","item":"https:\/\/waresito.com\/fr\/reseau\/"},{"@type":"ListItem","position":3,"name":"Services logistiques \u00e0 Bordeaux, Gironde (33)"}]},{"@type":"WebSite","@id":"https:\/\/waresito.com\/fr\/#website","url":"https:\/\/waresito.com\/fr\/","name":"Waresito","description":"","potentialAction":[{"@type":"SearchAction","target":{"@type":"EntryPoint","urlTemplate":"https:\/\/waresito.com\/fr\/?s={search_term_string}"},"query-input":{"@type":"PropertyValueSpecification","valueRequired":true,"valueName":"search_term_string"}}],"inLanguage":"fr-FR"}]}},"_links":{"self":[{"href":"https:\/\/waresito.com\/fr\/wp-json\/wp\/v2\/pages\/2050","targetHints":{"allow":["GET"]}}],"collection":[{"href":"https:\/\/waresito.com\/fr\/wp-json\/wp\/v2\/pages"}],"about":[{"href":"https:\/\/waresito.com\/fr\/wp-json\/wp\/v2\/types\/page"}],"author":[{"embeddable":true,"href":"https:\/\/waresito.com\/fr\/wp-json\/wp\/v2\/users\/4"}],"replies":[{"embeddable":true,"href":"https:\/\/waresito.com\/fr\/wp-json\/wp\/v2\/comments?post=2050"}],"version-history":[{"count":48,"href":"https:\/\/waresito.com\/fr\/wp-json\/wp\/v2\/pages\/2050\/revisions"}],"predecessor-version":[{"id":6005,"href":"https:\/\/waresito.com\/fr\/wp-json\/wp\/v2\/pages\/2050\/revisions\/6005"}],"up":[{"embeddable":true,"href":"https:\/\/waresito.com\/fr\/wp-json\/wp\/v2\/pages\/2048"}],"wp:featuredmedia":[{"embeddable":true,"href":"https:\/\/waresito.com\/fr\/wp-json\/wp\/v2\/media\/1585"}],"wp:attachment":[{"href":"https:\/\/waresito.com\/fr\/wp-json\/wp\/v2\/media?parent=2050"}],"wp:term":[{"taxonomy":"post_tag","embeddable":true,"href":"https:\/\/waresito.com\/fr\/wp-json\/wp\/v2\/tags?post=2050"}],"curies":[{"name":"wp","href":"https:\/\/api.w.org\/{rel}","templated":true}]}}