{"id":2273,"date":"2024-06-07T19:36:16","date_gmt":"2024-06-07T17:36:16","guid":{"rendered":"https:\/\/waresito.com\/fr\/?page_id=2273"},"modified":"2026-03-04T18:41:08","modified_gmt":"2026-03-04T17:41:08","slug":"entrepot-logistique-rouen-seine-maritime","status":"publish","type":"page","link":"https:\/\/waresito.com\/fr\/reseau\/entrepot-logistique-rouen-seine-maritime\/","title":{"rendered":"Entrep\u00f4ts logistiques \u00e0 Rouen (76), Normandie"},"content":{"rendered":"<div class=\"fusion-title title fusion-title-1 fusion-sep-none fusion-title-text fusion-title-size-two titre-h1\">\n<div class=\"title-heading-left title-heading-tag\">\n<div class=\"fusion-title title fusion-title-1 fusion-sep-none fusion-title-text fusion-title-size-two titre-h1\">\n<h1 class=\"title-heading-left title-heading-tag\"><strong>Entrep\u00f4ts logistiques <span class=\"varh1\" data-fusion-font=\"true\" data-fusion-google-font=\"Poppins\" data-fusion-google-variant=\"700\">\u00e0 Rouen (76)<\/span><\/strong><span class=\"varh1\" data-fusion-font=\"true\" data-fusion-google-font=\"Poppins\" data-fusion-google-variant=\"700\"> et <\/span><span class=\"varh1\" data-fusion-font=\"true\" data-fusion-google-font=\"Poppins\" data-fusion-google-variant=\"700\">en Normandie<\/span><\/h1>\n<p class=\"title-heading-left title-heading-tag\">Pics saisonniers, afflux de commandes, d\u00e9veloppement d\u2019un nouveau march\u00e9\u2026 Waresito vous propose des <span style=\"text-decoration: underline;color: #ffffff\"><a style=\"color: #ffffff;text-decoration: underline\" href=\"https:\/\/waresito.com\/fr\/reseau\/entreprise-logistique-a-rouen-et-en-normandie\/\">entreprises logistiques \u00e0 Rouen<\/a><\/span> &amp; partout en Normandie, 100% flexibles et sur-mesure, gr\u00e2ce \u00e0 son r\u00e9seau de +1500 experts logisticiens et transporteurs.<\/p>\n<\/div>\n<div class=\"fusion-text fusion-text-2\">\n<ul>\n<li>D\u00e9bord, tampon, urgence, sous-location d&rsquo;espace<\/li>\n<li>De 100 \u00e0 20 000 palettes<\/li>\n<li>Navette, affr\u00e8tement, messagerie<\/li>\n<\/ul>\n<\/div>\n<\/div>\n<\/div>\n","protected":false},"excerpt":{"rendered":"<p>Entrep\u00f4ts logistiques \u00e0 Rouen (76) et en Normandie Pics saisonniers, afflux de commandes, d\u00e9veloppement d\u2019un nouveau march\u00e9\u2026 Waresito vous propose des entreprises logistiques \u00e0 Rouen &amp; partout en Normandie, 100%&#8230;<\/p>\n","protected":false},"author":4,"featured_media":1953,"parent":2048,"menu_order":0,"comment_status":"closed","ping_status":"closed","template":"","meta":{"_acf_changed":false,"content-type":"","inline_featured_image":false,"footnotes":""},"tags":[],"class_list":["post-2273","page","type-page","status-publish","has-post-thumbnail","hentry"],"acf":[],"yoast_head":"<!-- This site is optimized with the Yoast SEO plugin v27.0 - https:\/\/yoast.com\/product\/yoast-seo-wordpress\/ -->\n<title>Entrep\u00f4ts logistiques Rouen (76) &amp; Normandie l Waresito<\/title>\n<meta name=\"description\" content=\"Entrep\u00f4ts de stockage logistique \u00e0 Rouen (76) &amp; partout en Normandie, avec des services logistiques flexibles, sur-mesure.\" \/>\n<meta name=\"robots\" content=\"index, follow, max-snippet:-1, max-image-preview:large, max-video-preview:-1\" \/>\n<link rel=\"canonical\" href=\"https:\/\/waresito.com\/fr\/reseau\/entrepot-logistique-rouen-seine-maritime\/\" \/>\n<meta property=\"og:locale\" content=\"fr_FR\" \/>\n<meta property=\"og:type\" content=\"article\" \/>\n<meta property=\"og:title\" content=\"Entrep\u00f4ts logistiques Rouen (76) &amp; Normandie l Waresito\" \/>\n<meta property=\"og:description\" content=\"Entrep\u00f4ts de stockage logistique \u00e0 Rouen (76) &amp; partout en Normandie, avec des services logistiques flexibles, sur-mesure.\" \/>\n<meta property=\"og:url\" content=\"https:\/\/waresito.com\/fr\/reseau\/entrepot-logistique-rouen-seine-maritime\/\" \/>\n<meta property=\"og:site_name\" content=\"Waresito FR\" \/>\n<meta property=\"article:modified_time\" content=\"2026-03-04T17:41:08+00:00\" \/>\n<meta property=\"og:image\" content=\"https:\/\/waresito.com\/fr\/wp-content\/uploads\/sites\/2\/2024\/05\/home.jpg\" \/>\n\t<meta property=\"og:image:width\" content=\"1800\" \/>\n\t<meta property=\"og:image:height\" content=\"1013\" \/>\n\t<meta property=\"og:image:type\" content=\"image\/jpeg\" \/>\n<meta name=\"twitter:card\" content=\"summary_large_image\" \/>\n<meta name=\"twitter:label1\" content=\"Dur\u00e9e de lecture estim\u00e9e\" \/>\n\t<meta name=\"twitter:data1\" content=\"1 minute\" \/>\n<script type=\"application\/ld+json\" class=\"yoast-schema-graph\">{\"@context\":\"https:\/\/schema.org\",\"@graph\":[{\"@type\":\"WebPage\",\"@id\":\"https:\/\/waresito.com\/fr\/reseau\/entrepot-logistique-rouen-seine-maritime\/\",\"url\":\"https:\/\/waresito.com\/fr\/reseau\/entrepot-logistique-rouen-seine-maritime\/\",\"name\":\"Entrep\u00f4ts logistiques Rouen (76) & Normandie l Waresito\",\"isPartOf\":{\"@id\":\"https:\/\/waresito.com\/fr\/#website\"},\"primaryImageOfPage\":{\"@id\":\"https:\/\/waresito.com\/fr\/reseau\/entrepot-logistique-rouen-seine-maritime\/#primaryimage\"},\"image\":{\"@id\":\"https:\/\/waresito.com\/fr\/reseau\/entrepot-logistique-rouen-seine-maritime\/#primaryimage\"},\"thumbnailUrl\":\"https:\/\/waresito.com\/fr\/wp-content\/uploads\/sites\/2\/2024\/05\/home.jpg\",\"datePublished\":\"2024-06-07T17:36:16+00:00\",\"dateModified\":\"2026-03-04T17:41:08+00:00\",\"description\":\"Entrep\u00f4ts de stockage logistique \u00e0 Rouen (76) & partout en Normandie, avec des services logistiques flexibles, sur-mesure.\",\"breadcrumb\":{\"@id\":\"https:\/\/waresito.com\/fr\/reseau\/entrepot-logistique-rouen-seine-maritime\/#breadcrumb\"},\"inLanguage\":\"fr-FR\",\"potentialAction\":[{\"@type\":\"ReadAction\",\"target\":[\"https:\/\/waresito.com\/fr\/reseau\/entrepot-logistique-rouen-seine-maritime\/\"]}]},{\"@type\":\"ImageObject\",\"inLanguage\":\"fr-FR\",\"@id\":\"https:\/\/waresito.com\/fr\/reseau\/entrepot-logistique-rouen-seine-maritime\/#primaryimage\",\"url\":\"https:\/\/waresito.com\/fr\/wp-content\/uploads\/sites\/2\/2024\/05\/home.jpg\",\"contentUrl\":\"https:\/\/waresito.com\/fr\/wp-content\/uploads\/sites\/2\/2024\/05\/home.jpg\",\"width\":1800,\"height\":1013,\"caption\":\"Prestataires logistiques - solutions de stockage et transport\"},{\"@type\":\"BreadcrumbList\",\"@id\":\"https:\/\/waresito.com\/fr\/reseau\/entrepot-logistique-rouen-seine-maritime\/#breadcrumb\",\"itemListElement\":[{\"@type\":\"ListItem\",\"position\":1,\"name\":\"Accueil\",\"item\":\"https:\/\/waresito.com\/fr\/\"},{\"@type\":\"ListItem\",\"position\":2,\"name\":\"Notre r\u00e9seau\",\"item\":\"https:\/\/waresito.com\/fr\/reseau\/\"},{\"@type\":\"ListItem\",\"position\":3,\"name\":\"Entrep\u00f4ts logistiques \u00e0 Rouen (76), Normandie\"}]},{\"@type\":\"WebSite\",\"@id\":\"https:\/\/waresito.com\/fr\/#website\",\"url\":\"https:\/\/waresito.com\/fr\/\",\"name\":\"Waresito\",\"description\":\"\",\"potentialAction\":[{\"@type\":\"SearchAction\",\"target\":{\"@type\":\"EntryPoint\",\"urlTemplate\":\"https:\/\/waresito.com\/fr\/?s={search_term_string}\"},\"query-input\":{\"@type\":\"PropertyValueSpecification\",\"valueRequired\":true,\"valueName\":\"search_term_string\"}}],\"inLanguage\":\"fr-FR\"}]}<\/script>\n<!-- \/ Yoast SEO plugin. -->","yoast_head_json":{"title":"Entrep\u00f4ts logistiques Rouen (76) & Normandie l Waresito","description":"Entrep\u00f4ts de stockage logistique \u00e0 Rouen (76) & partout en Normandie, avec des services logistiques flexibles, sur-mesure.","robots":{"index":"index","follow":"follow","max-snippet":"max-snippet:-1","max-image-preview":"max-image-preview:large","max-video-preview":"max-video-preview:-1"},"canonical":"https:\/\/waresito.com\/fr\/reseau\/entrepot-logistique-rouen-seine-maritime\/","og_locale":"fr_FR","og_type":"article","og_title":"Entrep\u00f4ts logistiques Rouen (76) & Normandie l Waresito","og_description":"Entrep\u00f4ts de stockage logistique \u00e0 Rouen (76) & partout en Normandie, avec des services logistiques flexibles, sur-mesure.","og_url":"https:\/\/waresito.com\/fr\/reseau\/entrepot-logistique-rouen-seine-maritime\/","og_site_name":"Waresito FR","article_modified_time":"2026-03-04T17:41:08+00:00","og_image":[{"width":1800,"height":1013,"url":"https:\/\/waresito.com\/fr\/wp-content\/uploads\/sites\/2\/2024\/05\/home.jpg","type":"image\/jpeg"}],"twitter_card":"summary_large_image","twitter_misc":{"Dur\u00e9e de lecture estim\u00e9e":"1 minute"},"schema":{"@context":"https:\/\/schema.org","@graph":[{"@type":"WebPage","@id":"https:\/\/waresito.com\/fr\/reseau\/entrepot-logistique-rouen-seine-maritime\/","url":"https:\/\/waresito.com\/fr\/reseau\/entrepot-logistique-rouen-seine-maritime\/","name":"Entrep\u00f4ts logistiques Rouen (76) & Normandie l Waresito","isPartOf":{"@id":"https:\/\/waresito.com\/fr\/#website"},"primaryImageOfPage":{"@id":"https:\/\/waresito.com\/fr\/reseau\/entrepot-logistique-rouen-seine-maritime\/#primaryimage"},"image":{"@id":"https:\/\/waresito.com\/fr\/reseau\/entrepot-logistique-rouen-seine-maritime\/#primaryimage"},"thumbnailUrl":"https:\/\/waresito.com\/fr\/wp-content\/uploads\/sites\/2\/2024\/05\/home.jpg","datePublished":"2024-06-07T17:36:16+00:00","dateModified":"2026-03-04T17:41:08+00:00","description":"Entrep\u00f4ts de stockage logistique \u00e0 Rouen (76) & partout en Normandie, avec des services logistiques flexibles, sur-mesure.","breadcrumb":{"@id":"https:\/\/waresito.com\/fr\/reseau\/entrepot-logistique-rouen-seine-maritime\/#breadcrumb"},"inLanguage":"fr-FR","potentialAction":[{"@type":"ReadAction","target":["https:\/\/waresito.com\/fr\/reseau\/entrepot-logistique-rouen-seine-maritime\/"]}]},{"@type":"ImageObject","inLanguage":"fr-FR","@id":"https:\/\/waresito.com\/fr\/reseau\/entrepot-logistique-rouen-seine-maritime\/#primaryimage","url":"https:\/\/waresito.com\/fr\/wp-content\/uploads\/sites\/2\/2024\/05\/home.jpg","contentUrl":"https:\/\/waresito.com\/fr\/wp-content\/uploads\/sites\/2\/2024\/05\/home.jpg","width":1800,"height":1013,"caption":"Prestataires logistiques - solutions de stockage et transport"},{"@type":"BreadcrumbList","@id":"https:\/\/waresito.com\/fr\/reseau\/entrepot-logistique-rouen-seine-maritime\/#breadcrumb","itemListElement":[{"@type":"ListItem","position":1,"name":"Accueil","item":"https:\/\/waresito.com\/fr\/"},{"@type":"ListItem","position":2,"name":"Notre r\u00e9seau","item":"https:\/\/waresito.com\/fr\/reseau\/"},{"@type":"ListItem","position":3,"name":"Entrep\u00f4ts logistiques \u00e0 Rouen (76), Normandie"}]},{"@type":"WebSite","@id":"https:\/\/waresito.com\/fr\/#website","url":"https:\/\/waresito.com\/fr\/","name":"Waresito","description":"","potentialAction":[{"@type":"SearchAction","target":{"@type":"EntryPoint","urlTemplate":"https:\/\/waresito.com\/fr\/?s={search_term_string}"},"query-input":{"@type":"PropertyValueSpecification","valueRequired":true,"valueName":"search_term_string"}}],"inLanguage":"fr-FR"}]}},"_links":{"self":[{"href":"https:\/\/waresito.com\/fr\/wp-json\/wp\/v2\/pages\/2273","targetHints":{"allow":["GET"]}}],"collection":[{"href":"https:\/\/waresito.com\/fr\/wp-json\/wp\/v2\/pages"}],"about":[{"href":"https:\/\/waresito.com\/fr\/wp-json\/wp\/v2\/types\/page"}],"author":[{"embeddable":true,"href":"https:\/\/waresito.com\/fr\/wp-json\/wp\/v2\/users\/4"}],"replies":[{"embeddable":true,"href":"https:\/\/waresito.com\/fr\/wp-json\/wp\/v2\/comments?post=2273"}],"version-history":[{"count":17,"href":"https:\/\/waresito.com\/fr\/wp-json\/wp\/v2\/pages\/2273\/revisions"}],"predecessor-version":[{"id":4275,"href":"https:\/\/waresito.com\/fr\/wp-json\/wp\/v2\/pages\/2273\/revisions\/4275"}],"up":[{"embeddable":true,"href":"https:\/\/waresito.com\/fr\/wp-json\/wp\/v2\/pages\/2048"}],"wp:featuredmedia":[{"embeddable":true,"href":"https:\/\/waresito.com\/fr\/wp-json\/wp\/v2\/media\/1953"}],"wp:attachment":[{"href":"https:\/\/waresito.com\/fr\/wp-json\/wp\/v2\/media?parent=2273"}],"wp:term":[{"taxonomy":"post_tag","embeddable":true,"href":"https:\/\/waresito.com\/fr\/wp-json\/wp\/v2\/tags?post=2273"}],"curies":[{"name":"wp","href":"https:\/\/api.w.org\/{rel}","templated":true}]}}