{"id":26,"date":"2024-03-11T15:47:06","date_gmt":"2024-03-11T14:47:06","guid":{"rendered":"https:\/\/waresito.com\/fr\/?page_id=26"},"modified":"2025-01-13T10:19:07","modified_gmt":"2025-01-13T09:19:07","slug":"stockage-debord-logistique","status":"publish","type":"page","link":"https:\/\/waresito.com\/fr\/solutions\/stockage-debord-logistique\/","title":{"rendered":"Stockage logistique, urgence, stock tampon"},"content":{"rendered":"<h1><strong>STOCKAGE LOGISTIQUE <\/strong>SUR-MESURE,<strong><br \/>\n<\/strong>POUR UNE SUPPLY CHAIN OPTIMIS\u00c9E<\/h1>\n<blockquote><p><span style=\"font-weight: 400;\">Pics saisonniers, afflux de commandes, entrep\u00f4t satur\u00e9 ou impr\u00e9vus logistiques ? <\/span><span style=\"font-weight: 400;\">Waresito, sp\u00e9cialiste du <\/span><b>stockage <\/b><b>logistique en France<\/b><span style=\"font-weight: 400;\">, propose des solutions de stockage et de logistique externalis\u00e9es, adapt\u00e9es \u00e0 toutes les entreprises, de la PME au Grand Groupe.<\/span><\/p>\n<p><span style=\"font-weight: 400;\">Gr\u00e2ce \u00e0 un vaste r\u00e9seau d&rsquo;<strong>entrep\u00f4ts logistiques<\/strong> partout en France, Waresito d\u00e9ploie rapidement des espaces de stockage pour absorber vos exc\u00e9dents de marchandises. Quelle que soit votre localisation, notre offre logistique sur-mesure s&rsquo;adapte \u00e0 vos besoins pour garantir la continuit\u00e9 de votre cha\u00eene logistique, m\u00eame en situation d&rsquo;urgence.<br \/>\n<\/span>Besoin de mettre en place une <strong>logistique d\u00e9port\u00e9e<\/strong> ? Parlons-en !<\/p><\/blockquote>\n<p><a href=\"https:\/\/waresito.com\/fr\/contact\/\">Contacter un expert Waresito +<\/a><\/p>\n<p>&nbsp;<\/p>\n","protected":false},"excerpt":{"rendered":"<p>STOCKAGE LOGISTIQUE SUR-MESURE, POUR UNE SUPPLY CHAIN OPTIMIS\u00c9E Pics saisonniers, afflux de commandes, entrep\u00f4t satur\u00e9 ou impr\u00e9vus logistiques ? Waresito, sp\u00e9cialiste du stockage logistique en France, propose des solutions de&#8230;<\/p>\n","protected":false},"author":1,"featured_media":1578,"parent":32,"menu_order":0,"comment_status":"closed","ping_status":"closed","template":"","meta":{"_acf_changed":false,"content-type":"","inline_featured_image":false,"footnotes":""},"tags":[],"class_list":["post-26","page","type-page","status-publish","has-post-thumbnail","hentry"],"acf":[],"yoast_head":"<!-- This site is optimized with the Yoast SEO plugin v27.0 - https:\/\/yoast.com\/product\/yoast-seo-wordpress\/ -->\n<title>Stockage logistique : entrep\u00f4t de stockage externalis\u00e9 l Waresito<\/title>\n<meta name=\"description\" content=\"Simplifiez la gestion de vos stocks d\u00e9port\u00e9s avec Waresito. Solutions de stockage logistique 100% flexibles au + proche de votre entrep\u00f4t logistique principal.\" \/>\n<meta name=\"robots\" content=\"index, follow, max-snippet:-1, max-image-preview:large, max-video-preview:-1\" \/>\n<link rel=\"canonical\" href=\"https:\/\/waresito.com\/fr\/solutions\/stockage-debord-logistique\/\" \/>\n<meta property=\"og:locale\" content=\"fr_FR\" \/>\n<meta property=\"og:type\" content=\"article\" \/>\n<meta property=\"og:title\" content=\"Stockage logistique : entrep\u00f4t de stockage externalis\u00e9 l Waresito\" \/>\n<meta property=\"og:description\" content=\"Simplifiez la gestion de vos stocks d\u00e9port\u00e9s avec Waresito. Solutions de stockage logistique 100% flexibles au + proche de votre entrep\u00f4t logistique principal.\" \/>\n<meta property=\"og:url\" content=\"https:\/\/waresito.com\/fr\/solutions\/stockage-debord-logistique\/\" \/>\n<meta property=\"og:site_name\" content=\"Waresito FR\" \/>\n<meta property=\"article:modified_time\" content=\"2025-01-13T09:19:07+00:00\" \/>\n<meta property=\"og:image\" content=\"https:\/\/waresito.com\/fr\/wp-content\/uploads\/sites\/2\/2024\/04\/Head-Banner-3-e1712757675371.jpg\" \/>\n\t<meta property=\"og:image:width\" content=\"1529\" \/>\n\t<meta property=\"og:image:height\" content=\"1080\" \/>\n\t<meta property=\"og:image:type\" content=\"image\/jpeg\" \/>\n<meta name=\"twitter:card\" content=\"summary_large_image\" \/>\n<meta name=\"twitter:label1\" content=\"Dur\u00e9e de lecture estim\u00e9e\" \/>\n\t<meta name=\"twitter:data1\" content=\"1 minute\" \/>\n<script type=\"application\/ld+json\" class=\"yoast-schema-graph\">{\"@context\":\"https:\/\/schema.org\",\"@graph\":[{\"@type\":\"WebPage\",\"@id\":\"https:\/\/waresito.com\/fr\/solutions\/stockage-debord-logistique\/\",\"url\":\"https:\/\/waresito.com\/fr\/solutions\/stockage-debord-logistique\/\",\"name\":\"Stockage logistique : entrep\u00f4t de stockage externalis\u00e9 l Waresito\",\"isPartOf\":{\"@id\":\"https:\/\/waresito.com\/fr\/#website\"},\"primaryImageOfPage\":{\"@id\":\"https:\/\/waresito.com\/fr\/solutions\/stockage-debord-logistique\/#primaryimage\"},\"image\":{\"@id\":\"https:\/\/waresito.com\/fr\/solutions\/stockage-debord-logistique\/#primaryimage\"},\"thumbnailUrl\":\"https:\/\/waresito.com\/fr\/wp-content\/uploads\/sites\/2\/2024\/04\/Head-Banner-3-e1712757675371.jpg\",\"datePublished\":\"2024-03-11T14:47:06+00:00\",\"dateModified\":\"2025-01-13T09:19:07+00:00\",\"description\":\"Simplifiez la gestion de vos stocks d\u00e9port\u00e9s avec Waresito. Solutions de stockage logistique 100% flexibles au + proche de votre entrep\u00f4t logistique principal.\",\"breadcrumb\":{\"@id\":\"https:\/\/waresito.com\/fr\/solutions\/stockage-debord-logistique\/#breadcrumb\"},\"inLanguage\":\"fr-FR\",\"potentialAction\":[{\"@type\":\"ReadAction\",\"target\":[\"https:\/\/waresito.com\/fr\/solutions\/stockage-debord-logistique\/\"]}]},{\"@type\":\"ImageObject\",\"inLanguage\":\"fr-FR\",\"@id\":\"https:\/\/waresito.com\/fr\/solutions\/stockage-debord-logistique\/#primaryimage\",\"url\":\"https:\/\/waresito.com\/fr\/wp-content\/uploads\/sites\/2\/2024\/04\/Head-Banner-3-e1712757675371.jpg\",\"contentUrl\":\"https:\/\/waresito.com\/fr\/wp-content\/uploads\/sites\/2\/2024\/04\/Head-Banner-3-e1712757675371.jpg\",\"width\":1529,\"height\":1080,\"caption\":\"debord logistique - entrepot avec logisticien\"},{\"@type\":\"BreadcrumbList\",\"@id\":\"https:\/\/waresito.com\/fr\/solutions\/stockage-debord-logistique\/#breadcrumb\",\"itemListElement\":[{\"@type\":\"ListItem\",\"position\":1,\"name\":\"Accueil\",\"item\":\"https:\/\/waresito.com\/fr\/\"},{\"@type\":\"ListItem\",\"position\":2,\"name\":\"Nos solutions\",\"item\":\"https:\/\/waresito.com\/fr\/solutions\/\"},{\"@type\":\"ListItem\",\"position\":3,\"name\":\"Stockage logistique, urgence, stock tampon\"}]},{\"@type\":\"WebSite\",\"@id\":\"https:\/\/waresito.com\/fr\/#website\",\"url\":\"https:\/\/waresito.com\/fr\/\",\"name\":\"Waresito\",\"description\":\"\",\"potentialAction\":[{\"@type\":\"SearchAction\",\"target\":{\"@type\":\"EntryPoint\",\"urlTemplate\":\"https:\/\/waresito.com\/fr\/?s={search_term_string}\"},\"query-input\":{\"@type\":\"PropertyValueSpecification\",\"valueRequired\":true,\"valueName\":\"search_term_string\"}}],\"inLanguage\":\"fr-FR\"}]}<\/script>\n<!-- \/ Yoast SEO plugin. -->","yoast_head_json":{"title":"Stockage logistique : entrep\u00f4t de stockage externalis\u00e9 l Waresito","description":"Simplifiez la gestion de vos stocks d\u00e9port\u00e9s avec Waresito. Solutions de stockage logistique 100% flexibles au + proche de votre entrep\u00f4t logistique principal.","robots":{"index":"index","follow":"follow","max-snippet":"max-snippet:-1","max-image-preview":"max-image-preview:large","max-video-preview":"max-video-preview:-1"},"canonical":"https:\/\/waresito.com\/fr\/solutions\/stockage-debord-logistique\/","og_locale":"fr_FR","og_type":"article","og_title":"Stockage logistique : entrep\u00f4t de stockage externalis\u00e9 l Waresito","og_description":"Simplifiez la gestion de vos stocks d\u00e9port\u00e9s avec Waresito. Solutions de stockage logistique 100% flexibles au + proche de votre entrep\u00f4t logistique principal.","og_url":"https:\/\/waresito.com\/fr\/solutions\/stockage-debord-logistique\/","og_site_name":"Waresito FR","article_modified_time":"2025-01-13T09:19:07+00:00","og_image":[{"width":1529,"height":1080,"url":"https:\/\/waresito.com\/fr\/wp-content\/uploads\/sites\/2\/2024\/04\/Head-Banner-3-e1712757675371.jpg","type":"image\/jpeg"}],"twitter_card":"summary_large_image","twitter_misc":{"Dur\u00e9e de lecture estim\u00e9e":"1 minute"},"schema":{"@context":"https:\/\/schema.org","@graph":[{"@type":"WebPage","@id":"https:\/\/waresito.com\/fr\/solutions\/stockage-debord-logistique\/","url":"https:\/\/waresito.com\/fr\/solutions\/stockage-debord-logistique\/","name":"Stockage logistique : entrep\u00f4t de stockage externalis\u00e9 l Waresito","isPartOf":{"@id":"https:\/\/waresito.com\/fr\/#website"},"primaryImageOfPage":{"@id":"https:\/\/waresito.com\/fr\/solutions\/stockage-debord-logistique\/#primaryimage"},"image":{"@id":"https:\/\/waresito.com\/fr\/solutions\/stockage-debord-logistique\/#primaryimage"},"thumbnailUrl":"https:\/\/waresito.com\/fr\/wp-content\/uploads\/sites\/2\/2024\/04\/Head-Banner-3-e1712757675371.jpg","datePublished":"2024-03-11T14:47:06+00:00","dateModified":"2025-01-13T09:19:07+00:00","description":"Simplifiez la gestion de vos stocks d\u00e9port\u00e9s avec Waresito. Solutions de stockage logistique 100% flexibles au + proche de votre entrep\u00f4t logistique principal.","breadcrumb":{"@id":"https:\/\/waresito.com\/fr\/solutions\/stockage-debord-logistique\/#breadcrumb"},"inLanguage":"fr-FR","potentialAction":[{"@type":"ReadAction","target":["https:\/\/waresito.com\/fr\/solutions\/stockage-debord-logistique\/"]}]},{"@type":"ImageObject","inLanguage":"fr-FR","@id":"https:\/\/waresito.com\/fr\/solutions\/stockage-debord-logistique\/#primaryimage","url":"https:\/\/waresito.com\/fr\/wp-content\/uploads\/sites\/2\/2024\/04\/Head-Banner-3-e1712757675371.jpg","contentUrl":"https:\/\/waresito.com\/fr\/wp-content\/uploads\/sites\/2\/2024\/04\/Head-Banner-3-e1712757675371.jpg","width":1529,"height":1080,"caption":"debord logistique - entrepot avec logisticien"},{"@type":"BreadcrumbList","@id":"https:\/\/waresito.com\/fr\/solutions\/stockage-debord-logistique\/#breadcrumb","itemListElement":[{"@type":"ListItem","position":1,"name":"Accueil","item":"https:\/\/waresito.com\/fr\/"},{"@type":"ListItem","position":2,"name":"Nos solutions","item":"https:\/\/waresito.com\/fr\/solutions\/"},{"@type":"ListItem","position":3,"name":"Stockage logistique, urgence, stock tampon"}]},{"@type":"WebSite","@id":"https:\/\/waresito.com\/fr\/#website","url":"https:\/\/waresito.com\/fr\/","name":"Waresito","description":"","potentialAction":[{"@type":"SearchAction","target":{"@type":"EntryPoint","urlTemplate":"https:\/\/waresito.com\/fr\/?s={search_term_string}"},"query-input":{"@type":"PropertyValueSpecification","valueRequired":true,"valueName":"search_term_string"}}],"inLanguage":"fr-FR"}]}},"_links":{"self":[{"href":"https:\/\/waresito.com\/fr\/wp-json\/wp\/v2\/pages\/26","targetHints":{"allow":["GET"]}}],"collection":[{"href":"https:\/\/waresito.com\/fr\/wp-json\/wp\/v2\/pages"}],"about":[{"href":"https:\/\/waresito.com\/fr\/wp-json\/wp\/v2\/types\/page"}],"author":[{"embeddable":true,"href":"https:\/\/waresito.com\/fr\/wp-json\/wp\/v2\/users\/1"}],"replies":[{"embeddable":true,"href":"https:\/\/waresito.com\/fr\/wp-json\/wp\/v2\/comments?post=26"}],"version-history":[{"count":45,"href":"https:\/\/waresito.com\/fr\/wp-json\/wp\/v2\/pages\/26\/revisions"}],"predecessor-version":[{"id":3833,"href":"https:\/\/waresito.com\/fr\/wp-json\/wp\/v2\/pages\/26\/revisions\/3833"}],"up":[{"embeddable":true,"href":"https:\/\/waresito.com\/fr\/wp-json\/wp\/v2\/pages\/32"}],"wp:featuredmedia":[{"embeddable":true,"href":"https:\/\/waresito.com\/fr\/wp-json\/wp\/v2\/media\/1578"}],"wp:attachment":[{"href":"https:\/\/waresito.com\/fr\/wp-json\/wp\/v2\/media?parent=26"}],"wp:term":[{"taxonomy":"post_tag","embeddable":true,"href":"https:\/\/waresito.com\/fr\/wp-json\/wp\/v2\/tags?post=26"}],"curies":[{"name":"wp","href":"https:\/\/api.w.org\/{rel}","templated":true}]}}