{"id":28,"date":"2024-03-11T15:47:39","date_gmt":"2024-03-11T14:47:39","guid":{"rendered":"https:\/\/waresito.com\/fr\/?page_id=28"},"modified":"2025-02-19T11:49:33","modified_gmt":"2025-02-19T10:49:33","slug":"externalisation-logistique","status":"publish","type":"page","link":"https:\/\/waresito.com\/fr\/solutions\/externalisation-logistique\/","title":{"rendered":"Externalisation logistique partielle ou compl\u00e8te"},"content":{"rendered":"<h1><strong>Externalisation<br \/>\n<\/strong><strong>logistique <\/strong>? Optez pour une solution flexible et performante<\/h1>\n<blockquote><p><span style=\"font-weight: 500;\"><span style=\"font-weight: 400;\">Optimisez vos co\u00fbts et boostez votre performance gr\u00e2ce \u00e0 une <strong>logistique externalis\u00e9e<\/strong>, souple et <\/span>sans engagement<span style=\"font-weight: 400;\">. Avec Waresito, acc\u00e9dez au plus grand r\u00e9seau d\u2019entrep\u00f4ts en France et adaptez vos solutions logistiques en temps r\u00e9el, selon l\u2019\u00e9volution de votre activit\u00e9.<\/span><\/span><\/p>\n<p>Vous avez un projet de <strong>sous-traitance logistique<\/strong> ? Parlons-en !<\/p>\n<p><a href=\"https:\/\/waresito.com\/fr\/contact\/\">Contacter un expert Waresito +<\/a><\/p><\/blockquote>\n","protected":false},"excerpt":{"rendered":"<p>Externalisation logistique ? Optez pour une solution flexible et performante Optimisez vos co\u00fbts et boostez votre performance gr\u00e2ce \u00e0 une logistique externalis\u00e9e, souple et sans engagement. Avec Waresito, acc\u00e9dez au&#8230;<\/p>\n","protected":false},"author":1,"featured_media":1580,"parent":32,"menu_order":0,"comment_status":"closed","ping_status":"closed","template":"","meta":{"_acf_changed":false,"content-type":"","inline_featured_image":false,"footnotes":""},"tags":[],"class_list":["post-28","page","type-page","status-publish","has-post-thumbnail","hentry"],"acf":[],"yoast_head":"<!-- This site is optimized with the Yoast SEO plugin v27.0 - https:\/\/yoast.com\/product\/yoast-seo-wordpress\/ -->\n<title>Externalisation logistique - Flexibilisez vos co\u00fbts - Waresito<\/title>\n<meta name=\"description\" content=\"Externalisation logistique flexible &amp; sans engagement avec Waresito. Gagnez en visibilit\u00e9, ma\u00eetrisez vos co\u00fbts, optimisez votre Supply Chain.\" \/>\n<meta name=\"robots\" content=\"index, follow, max-snippet:-1, max-image-preview:large, max-video-preview:-1\" \/>\n<link rel=\"canonical\" href=\"https:\/\/waresito.com\/fr\/solutions\/externalisation-logistique\/\" \/>\n<meta property=\"og:locale\" content=\"fr_FR\" \/>\n<meta property=\"og:type\" content=\"article\" \/>\n<meta property=\"og:title\" content=\"Externalisation logistique - Flexibilisez vos co\u00fbts - Waresito\" \/>\n<meta property=\"og:description\" content=\"Externalisation logistique flexible &amp; sans engagement avec Waresito. Gagnez en visibilit\u00e9, ma\u00eetrisez vos co\u00fbts, optimisez votre Supply Chain.\" \/>\n<meta property=\"og:url\" content=\"https:\/\/waresito.com\/fr\/solutions\/externalisation-logistique\/\" \/>\n<meta property=\"og:site_name\" content=\"Waresito FR\" \/>\n<meta property=\"article:modified_time\" content=\"2025-02-19T10:49:33+00:00\" \/>\n<meta property=\"og:image\" content=\"https:\/\/waresito.com\/fr\/wp-content\/uploads\/sites\/2\/2024\/04\/Head-Banner-4-e1712757717247.jpg\" \/>\n\t<meta property=\"og:image:width\" content=\"1529\" \/>\n\t<meta property=\"og:image:height\" content=\"1080\" \/>\n\t<meta property=\"og:image:type\" content=\"image\/jpeg\" \/>\n<meta name=\"twitter:card\" content=\"summary_large_image\" \/>\n<meta name=\"twitter:label1\" content=\"Dur\u00e9e de lecture estim\u00e9e\" \/>\n\t<meta name=\"twitter:data1\" content=\"1 minute\" \/>\n<script type=\"application\/ld+json\" class=\"yoast-schema-graph\">{\"@context\":\"https:\/\/schema.org\",\"@graph\":[{\"@type\":\"WebPage\",\"@id\":\"https:\/\/waresito.com\/fr\/solutions\/externalisation-logistique\/\",\"url\":\"https:\/\/waresito.com\/fr\/solutions\/externalisation-logistique\/\",\"name\":\"Externalisation logistique - Flexibilisez vos co\u00fbts - Waresito\",\"isPartOf\":{\"@id\":\"https:\/\/waresito.com\/fr\/#website\"},\"primaryImageOfPage\":{\"@id\":\"https:\/\/waresito.com\/fr\/solutions\/externalisation-logistique\/#primaryimage\"},\"image\":{\"@id\":\"https:\/\/waresito.com\/fr\/solutions\/externalisation-logistique\/#primaryimage\"},\"thumbnailUrl\":\"https:\/\/waresito.com\/fr\/wp-content\/uploads\/sites\/2\/2024\/04\/Head-Banner-4-e1712757717247.jpg\",\"datePublished\":\"2024-03-11T14:47:39+00:00\",\"dateModified\":\"2025-02-19T10:49:33+00:00\",\"description\":\"Externalisation logistique flexible & sans engagement avec Waresito. Gagnez en visibilit\u00e9, ma\u00eetrisez vos co\u00fbts, optimisez votre Supply Chain.\",\"breadcrumb\":{\"@id\":\"https:\/\/waresito.com\/fr\/solutions\/externalisation-logistique\/#breadcrumb\"},\"inLanguage\":\"fr-FR\",\"potentialAction\":[{\"@type\":\"ReadAction\",\"target\":[\"https:\/\/waresito.com\/fr\/solutions\/externalisation-logistique\/\"]}]},{\"@type\":\"ImageObject\",\"inLanguage\":\"fr-FR\",\"@id\":\"https:\/\/waresito.com\/fr\/solutions\/externalisation-logistique\/#primaryimage\",\"url\":\"https:\/\/waresito.com\/fr\/wp-content\/uploads\/sites\/2\/2024\/04\/Head-Banner-4-e1712757717247.jpg\",\"contentUrl\":\"https:\/\/waresito.com\/fr\/wp-content\/uploads\/sites\/2\/2024\/04\/Head-Banner-4-e1712757717247.jpg\",\"width\":1529,\"height\":1080,\"caption\":\"Externalisation logistique - fulfillment\"},{\"@type\":\"BreadcrumbList\",\"@id\":\"https:\/\/waresito.com\/fr\/solutions\/externalisation-logistique\/#breadcrumb\",\"itemListElement\":[{\"@type\":\"ListItem\",\"position\":1,\"name\":\"Accueil\",\"item\":\"https:\/\/waresito.com\/fr\/\"},{\"@type\":\"ListItem\",\"position\":2,\"name\":\"Nos solutions\",\"item\":\"https:\/\/waresito.com\/fr\/solutions\/\"},{\"@type\":\"ListItem\",\"position\":3,\"name\":\"Externalisation logistique partielle ou compl\u00e8te\"}]},{\"@type\":\"WebSite\",\"@id\":\"https:\/\/waresito.com\/fr\/#website\",\"url\":\"https:\/\/waresito.com\/fr\/\",\"name\":\"Waresito\",\"description\":\"\",\"potentialAction\":[{\"@type\":\"SearchAction\",\"target\":{\"@type\":\"EntryPoint\",\"urlTemplate\":\"https:\/\/waresito.com\/fr\/?s={search_term_string}\"},\"query-input\":{\"@type\":\"PropertyValueSpecification\",\"valueRequired\":true,\"valueName\":\"search_term_string\"}}],\"inLanguage\":\"fr-FR\"}]}<\/script>\n<!-- \/ Yoast SEO plugin. -->","yoast_head_json":{"title":"Externalisation logistique - Flexibilisez vos co\u00fbts - Waresito","description":"Externalisation logistique flexible & sans engagement avec Waresito. Gagnez en visibilit\u00e9, ma\u00eetrisez vos co\u00fbts, optimisez votre Supply Chain.","robots":{"index":"index","follow":"follow","max-snippet":"max-snippet:-1","max-image-preview":"max-image-preview:large","max-video-preview":"max-video-preview:-1"},"canonical":"https:\/\/waresito.com\/fr\/solutions\/externalisation-logistique\/","og_locale":"fr_FR","og_type":"article","og_title":"Externalisation logistique - Flexibilisez vos co\u00fbts - Waresito","og_description":"Externalisation logistique flexible & sans engagement avec Waresito. Gagnez en visibilit\u00e9, ma\u00eetrisez vos co\u00fbts, optimisez votre Supply Chain.","og_url":"https:\/\/waresito.com\/fr\/solutions\/externalisation-logistique\/","og_site_name":"Waresito FR","article_modified_time":"2025-02-19T10:49:33+00:00","og_image":[{"width":1529,"height":1080,"url":"https:\/\/waresito.com\/fr\/wp-content\/uploads\/sites\/2\/2024\/04\/Head-Banner-4-e1712757717247.jpg","type":"image\/jpeg"}],"twitter_card":"summary_large_image","twitter_misc":{"Dur\u00e9e de lecture estim\u00e9e":"1 minute"},"schema":{"@context":"https:\/\/schema.org","@graph":[{"@type":"WebPage","@id":"https:\/\/waresito.com\/fr\/solutions\/externalisation-logistique\/","url":"https:\/\/waresito.com\/fr\/solutions\/externalisation-logistique\/","name":"Externalisation logistique - Flexibilisez vos co\u00fbts - Waresito","isPartOf":{"@id":"https:\/\/waresito.com\/fr\/#website"},"primaryImageOfPage":{"@id":"https:\/\/waresito.com\/fr\/solutions\/externalisation-logistique\/#primaryimage"},"image":{"@id":"https:\/\/waresito.com\/fr\/solutions\/externalisation-logistique\/#primaryimage"},"thumbnailUrl":"https:\/\/waresito.com\/fr\/wp-content\/uploads\/sites\/2\/2024\/04\/Head-Banner-4-e1712757717247.jpg","datePublished":"2024-03-11T14:47:39+00:00","dateModified":"2025-02-19T10:49:33+00:00","description":"Externalisation logistique flexible & sans engagement avec Waresito. Gagnez en visibilit\u00e9, ma\u00eetrisez vos co\u00fbts, optimisez votre Supply Chain.","breadcrumb":{"@id":"https:\/\/waresito.com\/fr\/solutions\/externalisation-logistique\/#breadcrumb"},"inLanguage":"fr-FR","potentialAction":[{"@type":"ReadAction","target":["https:\/\/waresito.com\/fr\/solutions\/externalisation-logistique\/"]}]},{"@type":"ImageObject","inLanguage":"fr-FR","@id":"https:\/\/waresito.com\/fr\/solutions\/externalisation-logistique\/#primaryimage","url":"https:\/\/waresito.com\/fr\/wp-content\/uploads\/sites\/2\/2024\/04\/Head-Banner-4-e1712757717247.jpg","contentUrl":"https:\/\/waresito.com\/fr\/wp-content\/uploads\/sites\/2\/2024\/04\/Head-Banner-4-e1712757717247.jpg","width":1529,"height":1080,"caption":"Externalisation logistique - fulfillment"},{"@type":"BreadcrumbList","@id":"https:\/\/waresito.com\/fr\/solutions\/externalisation-logistique\/#breadcrumb","itemListElement":[{"@type":"ListItem","position":1,"name":"Accueil","item":"https:\/\/waresito.com\/fr\/"},{"@type":"ListItem","position":2,"name":"Nos solutions","item":"https:\/\/waresito.com\/fr\/solutions\/"},{"@type":"ListItem","position":3,"name":"Externalisation logistique partielle ou compl\u00e8te"}]},{"@type":"WebSite","@id":"https:\/\/waresito.com\/fr\/#website","url":"https:\/\/waresito.com\/fr\/","name":"Waresito","description":"","potentialAction":[{"@type":"SearchAction","target":{"@type":"EntryPoint","urlTemplate":"https:\/\/waresito.com\/fr\/?s={search_term_string}"},"query-input":{"@type":"PropertyValueSpecification","valueRequired":true,"valueName":"search_term_string"}}],"inLanguage":"fr-FR"}]}},"_links":{"self":[{"href":"https:\/\/waresito.com\/fr\/wp-json\/wp\/v2\/pages\/28","targetHints":{"allow":["GET"]}}],"collection":[{"href":"https:\/\/waresito.com\/fr\/wp-json\/wp\/v2\/pages"}],"about":[{"href":"https:\/\/waresito.com\/fr\/wp-json\/wp\/v2\/types\/page"}],"author":[{"embeddable":true,"href":"https:\/\/waresito.com\/fr\/wp-json\/wp\/v2\/users\/1"}],"replies":[{"embeddable":true,"href":"https:\/\/waresito.com\/fr\/wp-json\/wp\/v2\/comments?post=28"}],"version-history":[{"count":44,"href":"https:\/\/waresito.com\/fr\/wp-json\/wp\/v2\/pages\/28\/revisions"}],"predecessor-version":[{"id":3948,"href":"https:\/\/waresito.com\/fr\/wp-json\/wp\/v2\/pages\/28\/revisions\/3948"}],"up":[{"embeddable":true,"href":"https:\/\/waresito.com\/fr\/wp-json\/wp\/v2\/pages\/32"}],"wp:featuredmedia":[{"embeddable":true,"href":"https:\/\/waresito.com\/fr\/wp-json\/wp\/v2\/media\/1580"}],"wp:attachment":[{"href":"https:\/\/waresito.com\/fr\/wp-json\/wp\/v2\/media?parent=28"}],"wp:term":[{"taxonomy":"post_tag","embeddable":true,"href":"https:\/\/waresito.com\/fr\/wp-json\/wp\/v2\/tags?post=28"}],"curies":[{"name":"wp","href":"https:\/\/api.w.org\/{rel}","templated":true}]}}