{"id":32,"date":"2024-03-11T15:48:21","date_gmt":"2024-03-11T14:48:21","guid":{"rendered":"https:\/\/waresito.com\/fr\/?page_id=32"},"modified":"2025-01-20T09:48:18","modified_gmt":"2025-01-20T08:48:18","slug":"solutions","status":"publish","type":"page","link":"https:\/\/waresito.com\/fr\/solutions\/","title":{"rendered":"Nos solutions"},"content":{"rendered":"<h1><strong>DES SOLUTIONS LOGISTIQUES SUR MESURE\u00a0<\/strong>POUR R\u00c9PONDRE A VOS BESOINS<\/h1>\n<blockquote><p>Chez Waresito, nous vous proposons une gamme compl\u00e8te de services logistiques de <a href=\"https:\/\/waresito.com\/fr\/solutions\/stockage-debord-logistique\/\">d\u00e9bord<\/a>, d&rsquo;<a href=\"https:\/\/waresito.com\/fr\/solutions\/externalisation-logistique\/\">externalisation partielle ou compl\u00e8te<\/a> et de <a href=\"https:\/\/waresito.com\/fr\/solutions\/distribution-logistique-transport\/\">distribution en BtoB<\/a> pour r\u00e9pondre \u00e0 tous vos besoins, qu&rsquo;ils soient temporaires ou permanents.<\/p><\/blockquote>\n","protected":false},"excerpt":{"rendered":"<p>DES SOLUTIONS LOGISTIQUES SUR MESURE\u00a0POUR R\u00c9PONDRE A VOS BESOINS Chez Waresito, nous vous proposons une gamme compl\u00e8te de services logistiques de d\u00e9bord, d&rsquo;externalisation partielle ou compl\u00e8te et de distribution en&#8230;<\/p>\n","protected":false},"author":1,"featured_media":1580,"parent":0,"menu_order":0,"comment_status":"closed","ping_status":"closed","template":"","meta":{"_acf_changed":false,"content-type":"","inline_featured_image":false,"footnotes":""},"tags":[],"class_list":["post-32","page","type-page","status-publish","has-post-thumbnail","hentry"],"acf":[],"yoast_head":"<!-- This site is optimized with the Yoast SEO plugin v27.0 - https:\/\/yoast.com\/product\/yoast-seo-wordpress\/ -->\n<title>Nos solutions logistiques et transport - Waresito<\/title>\n<meta name=\"description\" content=\"Des services logistiques de d\u00e9bord, d&#039;externalisation et de distribution en BtoB pour r\u00e9pondre \u00e0 tous vos besoins, temporaires ou permanents.\" \/>\n<meta name=\"robots\" content=\"index, nofollow, max-snippet:-1, max-image-preview:large, max-video-preview:-1\" \/>\n<link rel=\"canonical\" href=\"https:\/\/waresito.com\/fr\/solutions\/\" \/>\n<meta property=\"og:locale\" content=\"fr_FR\" \/>\n<meta property=\"og:type\" content=\"article\" \/>\n<meta property=\"og:title\" content=\"Nos solutions logistiques et transport - Waresito\" \/>\n<meta property=\"og:description\" content=\"Des services logistiques de d\u00e9bord, d&#039;externalisation et de distribution en BtoB pour r\u00e9pondre \u00e0 tous vos besoins, temporaires ou permanents.\" \/>\n<meta property=\"og:url\" content=\"https:\/\/waresito.com\/fr\/solutions\/\" \/>\n<meta property=\"og:site_name\" content=\"Waresito FR\" \/>\n<meta property=\"article:modified_time\" content=\"2025-01-20T08:48:18+00:00\" \/>\n<meta property=\"og:image\" content=\"https:\/\/waresito.com\/fr\/wp-content\/uploads\/sites\/2\/2024\/04\/Head-Banner-4-e1712757717247.jpg\" \/>\n\t<meta property=\"og:image:width\" content=\"1529\" \/>\n\t<meta property=\"og:image:height\" content=\"1080\" \/>\n\t<meta property=\"og:image:type\" content=\"image\/jpeg\" \/>\n<meta name=\"twitter:card\" content=\"summary_large_image\" \/>\n<meta name=\"twitter:label1\" content=\"Dur\u00e9e de lecture estim\u00e9e\" \/>\n\t<meta name=\"twitter:data1\" content=\"1 minute\" \/>\n<script type=\"application\/ld+json\" class=\"yoast-schema-graph\">{\"@context\":\"https:\/\/schema.org\",\"@graph\":[{\"@type\":\"WebPage\",\"@id\":\"https:\/\/waresito.com\/fr\/solutions\/\",\"url\":\"https:\/\/waresito.com\/fr\/solutions\/\",\"name\":\"Nos solutions logistiques et transport - Waresito\",\"isPartOf\":{\"@id\":\"https:\/\/waresito.com\/fr\/#website\"},\"primaryImageOfPage\":{\"@id\":\"https:\/\/waresito.com\/fr\/solutions\/#primaryimage\"},\"image\":{\"@id\":\"https:\/\/waresito.com\/fr\/solutions\/#primaryimage\"},\"thumbnailUrl\":\"https:\/\/waresito.com\/fr\/wp-content\/uploads\/sites\/2\/2024\/04\/Head-Banner-4-e1712757717247.jpg\",\"datePublished\":\"2024-03-11T14:48:21+00:00\",\"dateModified\":\"2025-01-20T08:48:18+00:00\",\"description\":\"Des services logistiques de d\u00e9bord, d'externalisation et de distribution en BtoB pour r\u00e9pondre \u00e0 tous vos besoins, temporaires ou permanents.\",\"breadcrumb\":{\"@id\":\"https:\/\/waresito.com\/fr\/solutions\/#breadcrumb\"},\"inLanguage\":\"fr-FR\",\"potentialAction\":[{\"@type\":\"ReadAction\",\"target\":[\"https:\/\/waresito.com\/fr\/solutions\/\"]}]},{\"@type\":\"ImageObject\",\"inLanguage\":\"fr-FR\",\"@id\":\"https:\/\/waresito.com\/fr\/solutions\/#primaryimage\",\"url\":\"https:\/\/waresito.com\/fr\/wp-content\/uploads\/sites\/2\/2024\/04\/Head-Banner-4-e1712757717247.jpg\",\"contentUrl\":\"https:\/\/waresito.com\/fr\/wp-content\/uploads\/sites\/2\/2024\/04\/Head-Banner-4-e1712757717247.jpg\",\"width\":1529,\"height\":1080,\"caption\":\"Externalisation logistique - fulfillment\"},{\"@type\":\"BreadcrumbList\",\"@id\":\"https:\/\/waresito.com\/fr\/solutions\/#breadcrumb\",\"itemListElement\":[{\"@type\":\"ListItem\",\"position\":1,\"name\":\"Accueil\",\"item\":\"https:\/\/waresito.com\/fr\/\"},{\"@type\":\"ListItem\",\"position\":2,\"name\":\"Nos solutions\"}]},{\"@type\":\"WebSite\",\"@id\":\"https:\/\/waresito.com\/fr\/#website\",\"url\":\"https:\/\/waresito.com\/fr\/\",\"name\":\"Waresito\",\"description\":\"\",\"potentialAction\":[{\"@type\":\"SearchAction\",\"target\":{\"@type\":\"EntryPoint\",\"urlTemplate\":\"https:\/\/waresito.com\/fr\/?s={search_term_string}\"},\"query-input\":{\"@type\":\"PropertyValueSpecification\",\"valueRequired\":true,\"valueName\":\"search_term_string\"}}],\"inLanguage\":\"fr-FR\"}]}<\/script>\n<!-- \/ Yoast SEO plugin. -->","yoast_head_json":{"title":"Nos solutions logistiques et transport - Waresito","description":"Des services logistiques de d\u00e9bord, d'externalisation et de distribution en BtoB pour r\u00e9pondre \u00e0 tous vos besoins, temporaires ou permanents.","robots":{"index":"index","follow":"nofollow","max-snippet":"max-snippet:-1","max-image-preview":"max-image-preview:large","max-video-preview":"max-video-preview:-1"},"canonical":"https:\/\/waresito.com\/fr\/solutions\/","og_locale":"fr_FR","og_type":"article","og_title":"Nos solutions logistiques et transport - Waresito","og_description":"Des services logistiques de d\u00e9bord, d'externalisation et de distribution en BtoB pour r\u00e9pondre \u00e0 tous vos besoins, temporaires ou permanents.","og_url":"https:\/\/waresito.com\/fr\/solutions\/","og_site_name":"Waresito FR","article_modified_time":"2025-01-20T08:48:18+00:00","og_image":[{"width":1529,"height":1080,"url":"https:\/\/waresito.com\/fr\/wp-content\/uploads\/sites\/2\/2024\/04\/Head-Banner-4-e1712757717247.jpg","type":"image\/jpeg"}],"twitter_card":"summary_large_image","twitter_misc":{"Dur\u00e9e de lecture estim\u00e9e":"1 minute"},"schema":{"@context":"https:\/\/schema.org","@graph":[{"@type":"WebPage","@id":"https:\/\/waresito.com\/fr\/solutions\/","url":"https:\/\/waresito.com\/fr\/solutions\/","name":"Nos solutions logistiques et transport - Waresito","isPartOf":{"@id":"https:\/\/waresito.com\/fr\/#website"},"primaryImageOfPage":{"@id":"https:\/\/waresito.com\/fr\/solutions\/#primaryimage"},"image":{"@id":"https:\/\/waresito.com\/fr\/solutions\/#primaryimage"},"thumbnailUrl":"https:\/\/waresito.com\/fr\/wp-content\/uploads\/sites\/2\/2024\/04\/Head-Banner-4-e1712757717247.jpg","datePublished":"2024-03-11T14:48:21+00:00","dateModified":"2025-01-20T08:48:18+00:00","description":"Des services logistiques de d\u00e9bord, d'externalisation et de distribution en BtoB pour r\u00e9pondre \u00e0 tous vos besoins, temporaires ou permanents.","breadcrumb":{"@id":"https:\/\/waresito.com\/fr\/solutions\/#breadcrumb"},"inLanguage":"fr-FR","potentialAction":[{"@type":"ReadAction","target":["https:\/\/waresito.com\/fr\/solutions\/"]}]},{"@type":"ImageObject","inLanguage":"fr-FR","@id":"https:\/\/waresito.com\/fr\/solutions\/#primaryimage","url":"https:\/\/waresito.com\/fr\/wp-content\/uploads\/sites\/2\/2024\/04\/Head-Banner-4-e1712757717247.jpg","contentUrl":"https:\/\/waresito.com\/fr\/wp-content\/uploads\/sites\/2\/2024\/04\/Head-Banner-4-e1712757717247.jpg","width":1529,"height":1080,"caption":"Externalisation logistique - fulfillment"},{"@type":"BreadcrumbList","@id":"https:\/\/waresito.com\/fr\/solutions\/#breadcrumb","itemListElement":[{"@type":"ListItem","position":1,"name":"Accueil","item":"https:\/\/waresito.com\/fr\/"},{"@type":"ListItem","position":2,"name":"Nos solutions"}]},{"@type":"WebSite","@id":"https:\/\/waresito.com\/fr\/#website","url":"https:\/\/waresito.com\/fr\/","name":"Waresito","description":"","potentialAction":[{"@type":"SearchAction","target":{"@type":"EntryPoint","urlTemplate":"https:\/\/waresito.com\/fr\/?s={search_term_string}"},"query-input":{"@type":"PropertyValueSpecification","valueRequired":true,"valueName":"search_term_string"}}],"inLanguage":"fr-FR"}]}},"_links":{"self":[{"href":"https:\/\/waresito.com\/fr\/wp-json\/wp\/v2\/pages\/32","targetHints":{"allow":["GET"]}}],"collection":[{"href":"https:\/\/waresito.com\/fr\/wp-json\/wp\/v2\/pages"}],"about":[{"href":"https:\/\/waresito.com\/fr\/wp-json\/wp\/v2\/types\/page"}],"author":[{"embeddable":true,"href":"https:\/\/waresito.com\/fr\/wp-json\/wp\/v2\/users\/1"}],"replies":[{"embeddable":true,"href":"https:\/\/waresito.com\/fr\/wp-json\/wp\/v2\/comments?post=32"}],"version-history":[{"count":20,"href":"https:\/\/waresito.com\/fr\/wp-json\/wp\/v2\/pages\/32\/revisions"}],"predecessor-version":[{"id":3874,"href":"https:\/\/waresito.com\/fr\/wp-json\/wp\/v2\/pages\/32\/revisions\/3874"}],"wp:featuredmedia":[{"embeddable":true,"href":"https:\/\/waresito.com\/fr\/wp-json\/wp\/v2\/media\/1580"}],"wp:attachment":[{"href":"https:\/\/waresito.com\/fr\/wp-json\/wp\/v2\/media?parent=32"}],"wp:term":[{"taxonomy":"post_tag","embeddable":true,"href":"https:\/\/waresito.com\/fr\/wp-json\/wp\/v2\/tags?post=32"}],"curies":[{"name":"wp","href":"https:\/\/api.w.org\/{rel}","templated":true}]}}