{"id":4868,"date":"2025-07-17T10:46:16","date_gmt":"2025-07-17T08:46:16","guid":{"rendered":"https:\/\/waresito.com\/fr\/?page_id=4868"},"modified":"2025-07-18T14:59:42","modified_gmt":"2025-07-18T12:59:42","slug":"logistique-4pl","status":"publish","type":"page","link":"https:\/\/waresito.com\/fr\/logistique-4pl\/","title":{"rendered":"Externalisation logistique 4PL : une solution strat\u00e9gique efficace"},"content":{"rendered":"<h1><strong>Externalisation logistique 4PL<\/strong> : une solution strat\u00e9gique efficace<\/h1>\n<blockquote><p><span style=\"font-weight: 400\">Transformez votre cha\u00eene logistique en avantage concurrentiel avec la <strong>logistique 4PL<\/strong>. En coordonnant l&rsquo;ensemble de vos prestataires logistiques et en int\u00e9grant technologies, donn\u00e9es et strat\u00e9gie, la <strong>4PL<\/strong> optimise vos processus, r\u00e9duit vos co\u00fbts et acc\u00e9l\u00e8re votre croissance.<\/span><\/p>\n<p>&nbsp;<\/p>\n<p><strong>+ Pilotage multi-prestataires et multi-sites<\/strong><\/p>\n<p><strong>+ Jusqu\u2019\u00e0 20% de r\u00e9duction sur les co\u00fbts logistiques<\/strong><\/p>\n<p><strong>+ Mise en \u0153uvre rapide, sans engagement<\/strong><\/p>\n<p><a href=\"https:\/\/waresito.com\/fr\/contact\/\">Obtenir un devis +<\/a><\/p><\/blockquote>\n","protected":false},"excerpt":{"rendered":"<p>Externalisation logistique 4PL : une solution strat\u00e9gique efficace Transformez votre cha\u00eene logistique en avantage concurrentiel avec la logistique 4PL. En coordonnant l&rsquo;ensemble de vos prestataires logistiques et en int\u00e9grant technologies,&#8230;<\/p>\n","protected":false},"author":4,"featured_media":4837,"parent":0,"menu_order":0,"comment_status":"closed","ping_status":"closed","template":"","meta":{"_acf_changed":false,"content-type":"","inline_featured_image":false,"footnotes":""},"tags":[],"class_list":["post-4868","page","type-page","status-publish","has-post-thumbnail","hentry"],"acf":[],"yoast_head":"<!-- This site is optimized with the Yoast SEO plugin v27.0 - https:\/\/yoast.com\/product\/yoast-seo-wordpress\/ -->\n<title>Logistique 4PL, la solution d&#039;externalisation efficace l Waresito<\/title>\n<meta name=\"description\" content=\"Besoin d&#039;un prestataire d&#039;externalisation logistique 4PL ? Waresito est celui qu&#039;il vous faut. Jusqu&#039;\u00e0 20% de r\u00e9duction sur vos co\u00fbts logistiques !\" \/>\n<meta name=\"robots\" content=\"index, follow, max-snippet:-1, max-image-preview:large, max-video-preview:-1\" \/>\n<link rel=\"canonical\" href=\"https:\/\/waresito.com\/fr\/logistique-4pl\/\" \/>\n<meta property=\"og:locale\" content=\"fr_FR\" \/>\n<meta property=\"og:type\" content=\"article\" \/>\n<meta property=\"og:title\" content=\"Logistique 4PL, la solution d&#039;externalisation efficace l Waresito\" \/>\n<meta property=\"og:description\" content=\"Besoin d&#039;un prestataire d&#039;externalisation logistique 4PL ? Waresito est celui qu&#039;il vous faut. Jusqu&#039;\u00e0 20% de r\u00e9duction sur vos co\u00fbts logistiques !\" \/>\n<meta property=\"og:url\" content=\"https:\/\/waresito.com\/fr\/logistique-4pl\/\" \/>\n<meta property=\"og:site_name\" content=\"Waresito FR\" \/>\n<meta property=\"article:modified_time\" content=\"2025-07-18T12:59:42+00:00\" \/>\n<meta property=\"og:image\" content=\"https:\/\/waresito.com\/fr\/wp-content\/uploads\/sites\/2\/2025\/07\/Logistique-4PL-entrepot-logistique.png\" \/>\n\t<meta property=\"og:image:width\" content=\"1024\" \/>\n\t<meta property=\"og:image:height\" content=\"1024\" \/>\n\t<meta property=\"og:image:type\" content=\"image\/png\" \/>\n<meta name=\"twitter:card\" content=\"summary_large_image\" \/>\n<meta name=\"twitter:label1\" content=\"Dur\u00e9e de lecture estim\u00e9e\" \/>\n\t<meta name=\"twitter:data1\" content=\"1 minute\" \/>\n<script type=\"application\/ld+json\" class=\"yoast-schema-graph\">{\"@context\":\"https:\/\/schema.org\",\"@graph\":[{\"@type\":\"WebPage\",\"@id\":\"https:\/\/waresito.com\/fr\/logistique-4pl\/\",\"url\":\"https:\/\/waresito.com\/fr\/logistique-4pl\/\",\"name\":\"Logistique 4PL, la solution d'externalisation efficace l Waresito\",\"isPartOf\":{\"@id\":\"https:\/\/waresito.com\/fr\/#website\"},\"primaryImageOfPage\":{\"@id\":\"https:\/\/waresito.com\/fr\/logistique-4pl\/#primaryimage\"},\"image\":{\"@id\":\"https:\/\/waresito.com\/fr\/logistique-4pl\/#primaryimage\"},\"thumbnailUrl\":\"https:\/\/waresito.com\/fr\/wp-content\/uploads\/sites\/2\/2025\/07\/Logistique-4PL-entrepot-logistique.png\",\"datePublished\":\"2025-07-17T08:46:16+00:00\",\"dateModified\":\"2025-07-18T12:59:42+00:00\",\"description\":\"Besoin d'un prestataire d'externalisation logistique 4PL ? Waresito est celui qu'il vous faut. Jusqu'\u00e0 20% de r\u00e9duction sur vos co\u00fbts logistiques !\",\"breadcrumb\":{\"@id\":\"https:\/\/waresito.com\/fr\/logistique-4pl\/#breadcrumb\"},\"inLanguage\":\"fr-FR\",\"potentialAction\":[{\"@type\":\"ReadAction\",\"target\":[\"https:\/\/waresito.com\/fr\/logistique-4pl\/\"]}]},{\"@type\":\"ImageObject\",\"inLanguage\":\"fr-FR\",\"@id\":\"https:\/\/waresito.com\/fr\/logistique-4pl\/#primaryimage\",\"url\":\"https:\/\/waresito.com\/fr\/wp-content\/uploads\/sites\/2\/2025\/07\/Logistique-4PL-entrepot-logistique.png\",\"contentUrl\":\"https:\/\/waresito.com\/fr\/wp-content\/uploads\/sites\/2\/2025\/07\/Logistique-4PL-entrepot-logistique.png\",\"width\":1024,\"height\":1024,\"caption\":\"un entrep\u00f4t logistique\"},{\"@type\":\"BreadcrumbList\",\"@id\":\"https:\/\/waresito.com\/fr\/logistique-4pl\/#breadcrumb\",\"itemListElement\":[{\"@type\":\"ListItem\",\"position\":1,\"name\":\"Accueil\",\"item\":\"https:\/\/waresito.com\/fr\/\"},{\"@type\":\"ListItem\",\"position\":2,\"name\":\"Externalisation logistique 4PL : une solution strat\u00e9gique efficace\"}]},{\"@type\":\"WebSite\",\"@id\":\"https:\/\/waresito.com\/fr\/#website\",\"url\":\"https:\/\/waresito.com\/fr\/\",\"name\":\"Waresito\",\"description\":\"\",\"potentialAction\":[{\"@type\":\"SearchAction\",\"target\":{\"@type\":\"EntryPoint\",\"urlTemplate\":\"https:\/\/waresito.com\/fr\/?s={search_term_string}\"},\"query-input\":{\"@type\":\"PropertyValueSpecification\",\"valueRequired\":true,\"valueName\":\"search_term_string\"}}],\"inLanguage\":\"fr-FR\"}]}<\/script>\n<!-- \/ Yoast SEO plugin. -->","yoast_head_json":{"title":"Logistique 4PL, la solution d'externalisation efficace l Waresito","description":"Besoin d'un prestataire d'externalisation logistique 4PL ? Waresito est celui qu'il vous faut. Jusqu'\u00e0 20% de r\u00e9duction sur vos co\u00fbts logistiques !","robots":{"index":"index","follow":"follow","max-snippet":"max-snippet:-1","max-image-preview":"max-image-preview:large","max-video-preview":"max-video-preview:-1"},"canonical":"https:\/\/waresito.com\/fr\/logistique-4pl\/","og_locale":"fr_FR","og_type":"article","og_title":"Logistique 4PL, la solution d'externalisation efficace l Waresito","og_description":"Besoin d'un prestataire d'externalisation logistique 4PL ? Waresito est celui qu'il vous faut. Jusqu'\u00e0 20% de r\u00e9duction sur vos co\u00fbts logistiques !","og_url":"https:\/\/waresito.com\/fr\/logistique-4pl\/","og_site_name":"Waresito FR","article_modified_time":"2025-07-18T12:59:42+00:00","og_image":[{"width":1024,"height":1024,"url":"https:\/\/waresito.com\/fr\/wp-content\/uploads\/sites\/2\/2025\/07\/Logistique-4PL-entrepot-logistique.png","type":"image\/png"}],"twitter_card":"summary_large_image","twitter_misc":{"Dur\u00e9e de lecture estim\u00e9e":"1 minute"},"schema":{"@context":"https:\/\/schema.org","@graph":[{"@type":"WebPage","@id":"https:\/\/waresito.com\/fr\/logistique-4pl\/","url":"https:\/\/waresito.com\/fr\/logistique-4pl\/","name":"Logistique 4PL, la solution d'externalisation efficace l Waresito","isPartOf":{"@id":"https:\/\/waresito.com\/fr\/#website"},"primaryImageOfPage":{"@id":"https:\/\/waresito.com\/fr\/logistique-4pl\/#primaryimage"},"image":{"@id":"https:\/\/waresito.com\/fr\/logistique-4pl\/#primaryimage"},"thumbnailUrl":"https:\/\/waresito.com\/fr\/wp-content\/uploads\/sites\/2\/2025\/07\/Logistique-4PL-entrepot-logistique.png","datePublished":"2025-07-17T08:46:16+00:00","dateModified":"2025-07-18T12:59:42+00:00","description":"Besoin d'un prestataire d'externalisation logistique 4PL ? Waresito est celui qu'il vous faut. Jusqu'\u00e0 20% de r\u00e9duction sur vos co\u00fbts logistiques !","breadcrumb":{"@id":"https:\/\/waresito.com\/fr\/logistique-4pl\/#breadcrumb"},"inLanguage":"fr-FR","potentialAction":[{"@type":"ReadAction","target":["https:\/\/waresito.com\/fr\/logistique-4pl\/"]}]},{"@type":"ImageObject","inLanguage":"fr-FR","@id":"https:\/\/waresito.com\/fr\/logistique-4pl\/#primaryimage","url":"https:\/\/waresito.com\/fr\/wp-content\/uploads\/sites\/2\/2025\/07\/Logistique-4PL-entrepot-logistique.png","contentUrl":"https:\/\/waresito.com\/fr\/wp-content\/uploads\/sites\/2\/2025\/07\/Logistique-4PL-entrepot-logistique.png","width":1024,"height":1024,"caption":"un entrep\u00f4t logistique"},{"@type":"BreadcrumbList","@id":"https:\/\/waresito.com\/fr\/logistique-4pl\/#breadcrumb","itemListElement":[{"@type":"ListItem","position":1,"name":"Accueil","item":"https:\/\/waresito.com\/fr\/"},{"@type":"ListItem","position":2,"name":"Externalisation logistique 4PL : une solution strat\u00e9gique efficace"}]},{"@type":"WebSite","@id":"https:\/\/waresito.com\/fr\/#website","url":"https:\/\/waresito.com\/fr\/","name":"Waresito","description":"","potentialAction":[{"@type":"SearchAction","target":{"@type":"EntryPoint","urlTemplate":"https:\/\/waresito.com\/fr\/?s={search_term_string}"},"query-input":{"@type":"PropertyValueSpecification","valueRequired":true,"valueName":"search_term_string"}}],"inLanguage":"fr-FR"}]}},"_links":{"self":[{"href":"https:\/\/waresito.com\/fr\/wp-json\/wp\/v2\/pages\/4868","targetHints":{"allow":["GET"]}}],"collection":[{"href":"https:\/\/waresito.com\/fr\/wp-json\/wp\/v2\/pages"}],"about":[{"href":"https:\/\/waresito.com\/fr\/wp-json\/wp\/v2\/types\/page"}],"author":[{"embeddable":true,"href":"https:\/\/waresito.com\/fr\/wp-json\/wp\/v2\/users\/4"}],"replies":[{"embeddable":true,"href":"https:\/\/waresito.com\/fr\/wp-json\/wp\/v2\/comments?post=4868"}],"version-history":[{"count":3,"href":"https:\/\/waresito.com\/fr\/wp-json\/wp\/v2\/pages\/4868\/revisions"}],"predecessor-version":[{"id":4921,"href":"https:\/\/waresito.com\/fr\/wp-json\/wp\/v2\/pages\/4868\/revisions\/4921"}],"wp:featuredmedia":[{"embeddable":true,"href":"https:\/\/waresito.com\/fr\/wp-json\/wp\/v2\/media\/4837"}],"wp:attachment":[{"href":"https:\/\/waresito.com\/fr\/wp-json\/wp\/v2\/media?parent=4868"}],"wp:term":[{"taxonomy":"post_tag","embeddable":true,"href":"https:\/\/waresito.com\/fr\/wp-json\/wp\/v2\/tags?post=4868"}],"curies":[{"name":"wp","href":"https:\/\/api.w.org\/{rel}","templated":true}]}}